{"id":79,"date":"2019-02-06T12:15:54","date_gmt":"2019-02-06T11:15:54","guid":{"rendered":"https:\/\/gsbernard.ch\/gsb\/?page_id=79"},"modified":"2023-12-17T16:20:30","modified_gmt":"2023-12-17T15:20:30","slug":"00-2","status":"publish","type":"page","link":"https:\/\/gsbernard.ch\/gsb\/","title":{"rendered":"La Congr\u00e9gation"},"content":{"rendered":"<p><strong>La Congr\u00e9gation du Grand-Saint-Bernard<\/strong> doit son existence \u00e0 une initiative originale et audacieuse de saint Bernard de Menthon, archidiacre de l\u2019\u00e9glise d\u2019Aoste. L\u2019exercice de sa charge lui fit conna\u00eetre de pr\u00e8s les n\u00e9cessit\u00e9s et d\u00e9tresses \u00e9prouv\u00e9es par les passants qui empruntaient le col du Mont-Joux. Outre les fatigues \u00e9puisantes du voyage et les p\u00e9rils de la montagne, il leur arrivait de tomber aux mains de brigands qui les d\u00e9pouillaient et les laissaient \u00e0 demi-morts. Touch\u00e9 de compassion, saint Bernard construisit au sommet de cette travers\u00e9e de Alpes une maison hospitali\u00e8re ouverte \u00e0 tous les voyageurs. Il y \u00e9tablit une communaut\u00e9 \u2013 devenue bient\u00f4t une communaut\u00e9 de chanoines r\u00e9guliers \u2013 vou\u00e9s \u00e0 la louange divine et au service du prochain, de telle sorte que jusque sur ces hauteurs \u00ab le Christ f\u00fbt ador\u00e9 et nourri \u00bb.<\/p>\n<p>Saint Bernard mit cette \u0153uvre, qu\u2019il r\u00e9alisa \u00e9galement \u00e0 <strong>Colonne-Joux<\/strong> <em>(Petit-Saint-Bernard)<\/em>, sous la protection de saint Nicolas de Myre, d\u00e9j\u00e0 largement v\u00e9n\u00e9r\u00e9 par les p\u00e8lerins, les marchands et les voyageurs.<\/p>\n<p><a href=\"https:\/\/gsbernard.ch\/gsb\/wp-content\/uploads\/2019\/09\/st_bernard_01.jpg\"><img loading=\"lazy\" decoding=\"async\" class=\"size-medium wp-image-1570 aligncenter\" src=\"https:\/\/gsbernard.ch\/gsb\/wp-content\/uploads\/2019\/09\/st_bernard_01-126x300.jpg\" alt=\"\" width=\"126\" height=\"300\" srcset=\"https:\/\/gsbernard.ch\/gsb\/wp-content\/uploads\/2019\/09\/st_bernard_01-126x300.jpg 126w, https:\/\/gsbernard.ch\/gsb\/wp-content\/uploads\/2019\/09\/st_bernard_01.jpg 291w\" sizes=\"auto, (max-width: 126px) 100vw, 126px\" \/><\/a><\/p>\n<p>L\u2019hymne de l\u2019ancien office des v\u00eapres de saint Bernard chantait : \u00ab Le Mont-Joux devint un foyer d\u2019amour o\u00f9 le Christ est ador\u00e9 et nourri \u00bb. Aujourd\u2019hui, la devise de l\u2019hospice du Grand-Saint-Bernard proclame : \u00ab\u00a0Hic Christus adoratur et pascitur\u00a0\u00bb\u00a0 &#8211;\u00a0 \u00ab\u00a0<strong>Ici le Christ est ador\u00e9 et nourri\u00a0\u00bb.<\/strong><\/p>\n<p>L\u2019attention aux n\u00e9cessit\u00e9s mat\u00e9rielles de ses contemporains n\u2019absorbait pas la charit\u00e9 de saint Bernard. Il n\u2019\u00e9tait pas moins <strong>sensible \u00e0 leurs besoins spirituels<\/strong>, se d\u00e9pensant sans compter, \u00e0 travers tout le pays d\u2019Aoste et les r\u00e9gions avoisinantes, dans le labeur apostolique de la pr\u00e9dication, offrant ainsi \u00e0 son prochain cet autre pain qu\u2019est la parole de Dieu.<\/p>\n<p>A sa mort, sans doute en 1081, saint Bernard laissait ainsi en h\u00e9ritage, \u00e0<strong> une communaut\u00e9<\/strong>, un t\u00e9moignage original de l\u2019hospitalit\u00e9 tant corporelle que spirituelle. Cet id\u00e9al d\u2019hospitalit\u00e9 tout comme la conscience de devoir \u00eatre en communaut\u00e9 pour le recueillir et le r\u00e9aliser ont anim\u00e9 les fils de saint Bernard au cours des si\u00e8cles et leur paraissent pouvoir r\u00e9pondre aux attentes du monde d\u2019aujourd\u2019hui.<\/p>\n<p>Dans la tradition de l&rsquo;hospitalit\u00e9, la Congr\u00e9gation veut rester fid\u00e8le \u00e0 son oeuvre d&rsquo;accueil dans <strong>les hospices<\/strong> du <a href=\"https:\/\/www.gsbernard.com\" target=\"_blank\" rel=\"noopener\">Grand-Saint-Bernard<\/a> et du <a href=\"https:\/\/fr.simplon-hospiz.com\/\" target=\"_blank\" rel=\"noopener\">Simplon<\/a>, qu&rsquo;elle habite et entretient avec passion, ainsi que dans <strong>les paroisses<\/strong> qu&rsquo;elle a pris en charge, en Valais (Suisse) et \u00e0 Hwalien (Taiwan).<\/p>\n","protected":false},"excerpt":{"rendered":"<p>La Congr\u00e9gation du Grand-Saint-Bernard doit son existence \u00e0 une initiative originale et audacieuse de saint Bernard de Menthon, archidiacre de l\u2019\u00e9glise d\u2019Aoste. L\u2019exercice de sa charge lui fit conna\u00eetre de pr\u00e8s les n\u00e9cessit\u00e9s et d\u00e9tresses \u00e9prouv\u00e9es par les passants qui<\/p>\n","protected":false},"author":1,"featured_media":0,"parent":0,"menu_order":0,"comment_status":"closed","ping_status":"closed","template":"","meta":{"footnotes":""},"class_list":["post-79","page","type-page","status-publish","hentry"],"_links":{"self":[{"href":"https:\/\/gsbernard.ch\/gsb\/wp-json\/wp\/v2\/pages\/79","targetHints":{"allow":["GET"]}}],"collection":[{"href":"https:\/\/gsbernard.ch\/gsb\/wp-json\/wp\/v2\/pages"}],"about":[{"href":"https:\/\/gsbernard.ch\/gsb\/wp-json\/wp\/v2\/types\/page"}],"author":[{"embeddable":true,"href":"https:\/\/gsbernard.ch\/gsb\/wp-json\/wp\/v2\/users\/1"}],"replies":[{"embeddable":true,"href":"https:\/\/gsbernard.ch\/gsb\/wp-json\/wp\/v2\/comments?post=79"}],"version-history":[{"count":65,"href":"https:\/\/gsbernard.ch\/gsb\/wp-json\/wp\/v2\/pages\/79\/revisions"}],"predecessor-version":[{"id":3455,"href":"https:\/\/gsbernard.ch\/gsb\/wp-json\/wp\/v2\/pages\/79\/revisions\/3455"}],"wp:attachment":[{"href":"https:\/\/gsbernard.ch\/gsb\/wp-json\/wp\/v2\/media?parent=79"}],"curies":[{"name":"wp","href":"https:\/\/api.w.org\/{rel}","templated":true}]}}