{"id":76,"date":"2019-02-06T12:02:00","date_gmt":"2019-02-06T11:02:00","guid":{"rendered":"https:\/\/gsbernard.ch\/gsb\/?page_id=76"},"modified":"2023-07-04T10:57:30","modified_gmt":"2023-07-04T08:57:30","slug":"60-2","status":"publish","type":"page","link":"https:\/\/gsbernard.ch\/gsb\/60-2","title":{"rendered":"Histoire de la mission"},"content":{"rendered":"<h4>Histoire de la Mission<\/h4>\n<p><strong>Origine<\/strong><br \/>\nA la fin des ann\u00e9es 1920, Mgr Gu\u00e9briant, sup\u00e9rieur des Missions \u00e9trang\u00e8res de Paris (MEP) adresse au Pr\u00e9v\u00f4t du Grand-Saint-Bernard, Mgr Th\u00e9ophile Bourgeois, une demande de collaborer avec ses missionnaires dans le Yunnan (Chine) et d&rsquo;y \u00e9tablir un hospice semblable \u00e0 celui du Grand-Saint-Bernard.<br \/>\nAu d\u00e9but juillet 1930, la Congr\u00e9gation accepte d&rsquo;entrer en mati\u00e8re et envoie en mission d&rsquo;inspection sur place les chanoines Pierre-Marie Melly et Paul Coquoz.<br \/>\nA leur retour, lors de l&rsquo;assembl\u00e9e g\u00e9n\u00e9rale (chapitre) de juillet 1931, ils pr\u00e9sentent leur rapport. Aussit\u00f4t la Congr\u00e9gation s&rsquo;engage dans l&rsquo;aventure d&rsquo;une mission \u00ab\u00a0ad gentes\u00a0\u00bb.<br \/>\n<strong>Mission du Tibet<\/strong><br \/>\n<img loading=\"lazy\" decoding=\"async\" class=\"size-medium wp-image-1044 alignleft\" src=\"https:\/\/gsbernard.ch\/gsb\/wp-content\/uploads\/2019\/02\/0154-300x237.jpg\" alt=\"\" width=\"300\" height=\"237\" srcset=\"https:\/\/gsbernard.ch\/gsb\/wp-content\/uploads\/2019\/02\/0154-300x237.jpg 300w, https:\/\/gsbernard.ch\/gsb\/wp-content\/uploads\/2019\/02\/0154-768x608.jpg 768w, https:\/\/gsbernard.ch\/gsb\/wp-content\/uploads\/2019\/02\/0154.jpg 1024w\" sizes=\"auto, (max-width: 300px) 100vw, 300px\" \/>Le 10 janvier 1933, les quatre premiers missionnaires &#8211; les chanoines Pierre-Marie Melly, chef d&rsquo;exp\u00e9dition, Paul Coquoz, Fr\u00e8re Louis Duc et Monsieur Robert Chappelet &#8211; s&#8217;embarquent \u00e0 Marseille \u00e0 bord du \u00ab\u00a0G\u00e9n\u00e9ral Metzinger\u00a0\u00bb. Le centre de leur mission sera Weisi, dans le Yunnan, en Chine, \u00e0 la fronti\u00e8re du Tibet.<br \/>\nIls sont rejoint en 1936 par les chanoines Cyrille Lattion, Maurice Tornay et Fr\u00e8re Nestor Rouiller, en 1938 par les chanoines Angelin Lovey et Henri Nanchen et en 1946 par les chanoines Louis Emery, Fran\u00e7ois Fournier, Alphonse Savioz et Jules Detry. Ce dernier est envoy\u00e9 en mission \u00e0 titre de reporter pour faire conna\u00eetre la mission en Europe.<br \/>\nLe plus beau fruit de cet apostolat h\u00e9ro\u00efque est le martyre en 1949 du chanoine Maurice Tornay, massacr\u00e9 en 1949 par les lamas et b\u00e9atifi\u00e9 par le pape Jean Paul II en 1993.<\/p>\n<p><img loading=\"lazy\" decoding=\"async\" class=\"size-medium wp-image-1209 alignright\" src=\"https:\/\/gsbernard.ch\/gsb\/wp-content\/uploads\/2019\/02\/0319-222x300.jpg\" alt=\"\" width=\"222\" height=\"300\" srcset=\"https:\/\/gsbernard.ch\/gsb\/wp-content\/uploads\/2019\/02\/0319-222x300.jpg 222w, https:\/\/gsbernard.ch\/gsb\/wp-content\/uploads\/2019\/02\/0319.jpg 758w\" sizes=\"auto, (max-width: 222px) 100vw, 222px\" \/><br \/>\n<span style=\"color: #0000ff;\"><a style=\"color: #0000ff;\" href=\"https:\/\/gsbernard.ch\/gsb\/94-2\">Voir \u00ab\u00a0Le Bienheureux Maurice Tornay\u00a0\u00bb<\/a><\/span>.<\/p>\n<p><strong>Vers Ta\u00efwan<\/strong><br \/>\nSuite \u00e0 l&rsquo;invasion communiste, nos missionnaires ont \u00e9t\u00e9 chass\u00e9s de leurs missions situ\u00e9es \u00e0 la fronti\u00e8re de la Chine et du Tibet. Le dernier quitte la Chine le 31 juillet 1952. R\u00e9fugi\u00e9s \u00e0 Hong-Kong, ils ont fait quelques prospections du c\u00f4t\u00e9 des missions de l&rsquo;abbaye de\u00a0 Saint-Maurice au Sikkim, puis au Japon avant d&rsquo;\u00eatre invit\u00e9s par Mgr Kuo, \u00e9v\u00eaque de Taipeh (Formose &#8211; Ta\u00efwan) dans la ville d&rsquo;Ilan. En 1958 ils sont invit\u00e9s \u00e0 se d\u00e9placer une centaine de kilom\u00e8tres au Sud, dans la r\u00e9gion de Hsincheng, chez les indig\u00e8nes de la c\u00f4te Est de Ta\u00efwan, les tribus Tarocco. C&rsquo;est l\u00e0 qu&rsquo;ils exercent leur minist\u00e8re.<\/p>\n<p>A ce jour, deux chanoines oeuvrent \u00e0 Ta\u00efwan:<\/p>\n<p>&#8211; P\u00e8re Gabriel D\u00e9l\u00e8ze, (Skype)<br \/>\n&#8211;\u00a0 P\u00e8re Jean-Claude Fournier,<\/p>\n<p>que l&rsquo;on peut contacter \u00e0 l&rsquo;adresse :<br \/>\nCatholic Church, Po-Ai-Lu 64, 971 Hsincheng (Hwalien) TAIWAN R.O.C.<\/p>\n","protected":false},"excerpt":{"rendered":"<p>Histoire de la Mission Origine A la fin des ann\u00e9es 1920, Mgr Gu\u00e9briant, sup\u00e9rieur des Missions \u00e9trang\u00e8res de Paris (MEP) adresse au Pr\u00e9v\u00f4t du Grand-Saint-Bernard, Mgr Th\u00e9ophile Bourgeois, une demande de collaborer avec ses missionnaires dans le Yunnan (Chine) et<\/p>\n","protected":false},"author":1,"featured_media":0,"parent":0,"menu_order":0,"comment_status":"closed","ping_status":"closed","template":"","meta":{"footnotes":""},"class_list":["post-76","page","type-page","status-publish","hentry"],"_links":{"self":[{"href":"https:\/\/gsbernard.ch\/gsb\/wp-json\/wp\/v2\/pages\/76","targetHints":{"allow":["GET"]}}],"collection":[{"href":"https:\/\/gsbernard.ch\/gsb\/wp-json\/wp\/v2\/pages"}],"about":[{"href":"https:\/\/gsbernard.ch\/gsb\/wp-json\/wp\/v2\/types\/page"}],"author":[{"embeddable":true,"href":"https:\/\/gsbernard.ch\/gsb\/wp-json\/wp\/v2\/users\/1"}],"replies":[{"embeddable":true,"href":"https:\/\/gsbernard.ch\/gsb\/wp-json\/wp\/v2\/comments?post=76"}],"version-history":[{"count":22,"href":"https:\/\/gsbernard.ch\/gsb\/wp-json\/wp\/v2\/pages\/76\/revisions"}],"predecessor-version":[{"id":3420,"href":"https:\/\/gsbernard.ch\/gsb\/wp-json\/wp\/v2\/pages\/76\/revisions\/3420"}],"wp:attachment":[{"href":"https:\/\/gsbernard.ch\/gsb\/wp-json\/wp\/v2\/media?parent=76"}],"curies":[{"name":"wp","href":"https:\/\/api.w.org\/{rel}","templated":true}]}}