{"id":691,"date":"2019-02-12T11:35:28","date_gmt":"2019-02-12T10:35:28","guid":{"rendered":"https:\/\/gsbernard.ch\/gsb\/?page_id=691"},"modified":"2020-07-12T20:38:03","modified_gmt":"2020-07-12T18:38:03","slug":"55-2","status":"publish","type":"page","link":"https:\/\/gsbernard.ch\/gsb\/55-2","title":{"rendered":"Rencontre entre Dieu et l&rsquo;homme"},"content":{"rendered":"<h5 style=\"text-align: center;\"><span style=\"font-size: 10pt;\"><em><strong>La montagne, lieu de rencontre entre Dieu et l&rsquo;homme.<\/strong><\/em><\/span><\/h5>\n<p style=\"text-align: left;\"><a href=\"https:\/\/gsbernard.ch\/gsb\/wp-content\/uploads\/2019\/09\/montagne01.jpg\"><img loading=\"lazy\" decoding=\"async\" class=\"aligncenter wp-image-1615 size-medium\" src=\"https:\/\/gsbernard.ch\/gsb\/wp-content\/uploads\/2019\/09\/montagne01-300x225.jpg\" alt=\"\" width=\"300\" height=\"225\" srcset=\"https:\/\/gsbernard.ch\/gsb\/wp-content\/uploads\/2019\/09\/montagne01-300x225.jpg 300w, https:\/\/gsbernard.ch\/gsb\/wp-content\/uploads\/2019\/09\/montagne01-768x576.jpg 768w, https:\/\/gsbernard.ch\/gsb\/wp-content\/uploads\/2019\/09\/montagne01-1024x768.jpg 1024w\" sizes=\"auto, (max-width: 300px) 100vw, 300px\" \/><\/a>Le cadre de la montagne porte l&rsquo;Homme \u00e0 sortir de ses limites et le motive \u00e0 aller voir au del\u00e0 de son horizon habituel.<\/p>\n<p><a href=\"https:\/\/gsbernard.ch\/gsb\/wp-content\/uploads\/2019\/02\/21616379_1224606367643577_2686959445159610791_n.jpg\"><img loading=\"lazy\" decoding=\"async\" class=\"wp-image-737 size-medium alignleft\" src=\"https:\/\/gsbernard.ch\/gsb\/wp-content\/uploads\/2019\/02\/21616379_1224606367643577_2686959445159610791_n-225x300.jpg\" alt=\"\" width=\"225\" height=\"300\" srcset=\"https:\/\/gsbernard.ch\/gsb\/wp-content\/uploads\/2019\/02\/21616379_1224606367643577_2686959445159610791_n-225x300.jpg 225w, https:\/\/gsbernard.ch\/gsb\/wp-content\/uploads\/2019\/02\/21616379_1224606367643577_2686959445159610791_n.jpg 720w\" sizes=\"auto, (max-width: 225px) 100vw, 225px\" \/><\/a><\/p>\n<p style=\"text-align: left;\">En se d\u00e9poss\u00e9dant de tous nos masques et apparences, loin du tumulte et de l&rsquo;agitation de la ville, par le rythme de la marche ou de la grimpe, chacun au fur et \u00e0 mesure cr\u00e9e en lui un espace de silence, un vide propre \u00e0 une rencontre avec le Tout Autre. Finalement ce myst\u00e8re de l&rsquo;infini se d\u00e9couvre au plus intime de moi-m\u00eame.<\/p>\n<p style=\"text-align: left;\">La montagne occupe d&rsquo;ailleurs une place \u00e9minente dans les Ecritures. Nous pensons en particulier au Mont Sina\u00ef ou bien au Calvaire. C&rsquo;est encore dans la montagne que le Christ se retirait souvent pour prier.<\/p>\n<p style=\"text-align: left;\">Le chemin en montagne est \u00e0 l&rsquo;image d&rsquo;un itin\u00e9raire spirituel. Il exige bien souvent de quitter les lieux s\u00fbrs pour cheminer dans des lieux inconnus o\u00f9 chacun doit se risquer dans la confiance. Dans les moments durs, il faut continuer \u00e0 marcher parfois difficilement afin d&rsquo;arriver au prochain col et gagner de nouveaux horizons.<\/p>\n<p><span style=\"color: #000000;\"><em>\u00a0\u00bbLe vrai p\u00e8lerin se rend disponible et le vrai p\u00e8lerinage doit \u00e9panouir cette disponibilit\u00e9.\u00a0\u00bbCar chercher Dieu revient \u00e0 se laisser trouver par Lui. Il nous cherche, Lui, plus ardemment que nous ne pouvons Le chercher nous-m\u00eames. Il veut provoquer ce contact avec notre libert\u00e9 qui nous obligera \u00e0 prendre parti\u00a0\u00bb.\u00a0\u00bb\u00a0 <\/em>\u00a0<\/span><span style=\"font-size: 10pt;\"><em><span style=\"color: #000000;\">Gratien Volluz<\/span><\/em><\/span><\/p>\n<h5><span style=\"font-size: 10pt; font-family: georgia, palatino, serif;\"><strong>Montagne et spiritualit\u00e9 au Simplon\u00a0<\/strong><\/span><\/h5>\n<p><iframe loading=\"lazy\" src=\"\/\/tp.srgssr.ch\/p\/rts\/embed?urn=urn:rts:video:8266497&amp;start=\" name=\"Les hospices de montagne offrent une spiritualit\u00e9 dans des lieux exceptionnels\" width=\"624\" height=\"351\" frameborder=\"0\" allowfullscreen=\"allowfullscreen\" data-mce-fragment=\"1\"><\/iframe><\/p>\n","protected":false},"excerpt":{"rendered":"<p>La montagne, lieu de rencontre entre Dieu et l&rsquo;homme. Le cadre de la montagne porte l&rsquo;Homme \u00e0 sortir de ses limites et le motive \u00e0 aller voir au del\u00e0 de son horizon habituel. En se d\u00e9poss\u00e9dant de tous nos masques<\/p>\n","protected":false},"author":1,"featured_media":0,"parent":0,"menu_order":0,"comment_status":"closed","ping_status":"closed","template":"","meta":{"footnotes":""},"class_list":["post-691","page","type-page","status-publish","hentry"],"_links":{"self":[{"href":"https:\/\/gsbernard.ch\/gsb\/wp-json\/wp\/v2\/pages\/691","targetHints":{"allow":["GET"]}}],"collection":[{"href":"https:\/\/gsbernard.ch\/gsb\/wp-json\/wp\/v2\/pages"}],"about":[{"href":"https:\/\/gsbernard.ch\/gsb\/wp-json\/wp\/v2\/types\/page"}],"author":[{"embeddable":true,"href":"https:\/\/gsbernard.ch\/gsb\/wp-json\/wp\/v2\/users\/1"}],"replies":[{"embeddable":true,"href":"https:\/\/gsbernard.ch\/gsb\/wp-json\/wp\/v2\/comments?post=691"}],"version-history":[{"count":23,"href":"https:\/\/gsbernard.ch\/gsb\/wp-json\/wp\/v2\/pages\/691\/revisions"}],"predecessor-version":[{"id":1619,"href":"https:\/\/gsbernard.ch\/gsb\/wp-json\/wp\/v2\/pages\/691\/revisions\/1619"}],"wp:attachment":[{"href":"https:\/\/gsbernard.ch\/gsb\/wp-json\/wp\/v2\/media?parent=691"}],"curies":[{"name":"wp","href":"https:\/\/api.w.org\/{rel}","templated":true}]}}