{"id":688,"date":"2019-02-12T11:32:17","date_gmt":"2019-02-12T10:32:17","guid":{"rendered":"https:\/\/gsbernard.ch\/gsb\/?page_id=688"},"modified":"2020-07-25T20:55:57","modified_gmt":"2020-07-25T18:55:57","slug":"54-2","status":"publish","type":"page","link":"https:\/\/gsbernard.ch\/gsb\/54-2","title":{"rendered":"L&rsquo;impulsion de Gratien Volluz"},"content":{"rendered":"<h2 style=\"text-align: center;\">L&rsquo;impulsion de Gratien Volluz<a href=\"https:\/\/gsbernard.ch\/gsb\/wp-content\/uploads\/2019\/02\/IMG.jpg\"><img loading=\"lazy\" decoding=\"async\" class=\"size-medium wp-image-233 alignright\" src=\"https:\/\/gsbernard.ch\/gsb\/wp-content\/uploads\/2019\/02\/IMG-205x300.jpg\" alt=\"\" width=\"205\" height=\"300\" srcset=\"https:\/\/gsbernard.ch\/gsb\/wp-content\/uploads\/2019\/02\/IMG-205x300.jpg 205w, https:\/\/gsbernard.ch\/gsb\/wp-content\/uploads\/2019\/02\/IMG-768x1125.jpg 768w, https:\/\/gsbernard.ch\/gsb\/wp-content\/uploads\/2019\/02\/IMG-699x1024.jpg 699w, https:\/\/gsbernard.ch\/gsb\/wp-content\/uploads\/2019\/02\/IMG.jpg 1024w\" sizes=\"auto, (max-width: 205px) 100vw, 205px\" \/><\/a><\/h2>\n<!-- \/wp:post-content -->\n\n<!-- wp:paragraph -->\n<p style=\"text-align: left;\"><img loading=\"lazy\" decoding=\"async\" class=\"size-medium wp-image-1495 alignleft\" src=\"https:\/\/gsbernard.ch\/gsb\/wp-content\/uploads\/2019\/09\/volluz-varappe-197x300.jpg\" alt=\"\" width=\"197\" height=\"300\" srcset=\"https:\/\/gsbernard.ch\/gsb\/wp-content\/uploads\/2019\/09\/volluz-varappe-197x300.jpg 197w, https:\/\/gsbernard.ch\/gsb\/wp-content\/uploads\/2019\/09\/volluz-varappe.jpg 217w\" sizes=\"auto, (max-width: 197px) 100vw, 197px\" \/>Dans les ann\u00e9es 1960, le percement des tunnels sous les grands cols alpins remet en cause la vocation des hospices. La fr\u00e9quentation des hospices baisse et leur utilit\u00e9 est remise en cause par une partie des chanoines.<\/p>\n<!-- \/wp:paragraph -->\n\n<!-- wp:paragraph -->\n<p style=\"text-align: left;\">Pour <strong>Gratien Volluz<\/strong>, jeune chanoine et guide de haute montagne, c\u2019est une occasion unique pour revisiter la vocation de ces maisons en montagne. Prieur au Simplon, il d\u00e9ploie une nouvelle forme de spiritualit\u00e9 li\u00e9e \u00e0 la montagne. Tr\u00e8s actif, il lance les p\u00e8lerinages alpins o\u00f9 la m\u00e9ditation de la Parole de Dieu est essentielle. Il s\u2019investit aussi beaucoup aupr\u00e8s de la jeunesse en guidant des nombreux groupes en montagne.<\/p>\n<!-- \/wp:paragraph -->\n\n<!-- wp:paragraph -->\n<p style=\"text-align: left;\">D\u00e9c\u00e9d\u00e9 \u00e0 37 ans dans un accident de montagne en 1966, son emprunte reste tr\u00e8s forte. Il a \u00e9t\u00e9 le principal initiateur d\u2019un renouvellement de la vocation des hospices.<\/p>\n<img loading=\"lazy\" decoding=\"async\" class=\"aligncenter wp-image-1323 size-full\" src=\"https:\/\/gsbernard.ch\/gsb\/wp-content\/uploads\/2019\/02\/volluz.jpg\" alt=\"\" width=\"430\" height=\"720\" srcset=\"https:\/\/gsbernard.ch\/gsb\/wp-content\/uploads\/2019\/02\/volluz.jpg 430w, https:\/\/gsbernard.ch\/gsb\/wp-content\/uploads\/2019\/02\/volluz-179x300.jpg 179w\" sizes=\"auto, (max-width: 430px) 100vw, 430px\" \/> <a href=\"https:\/\/gsbernard.ch\/gsb\/wp-content\/uploads\/2020\/07\/volluzgratien.jpg\"><img loading=\"lazy\" decoding=\"async\" class=\"size-medium wp-image-2958 aligncenter\" src=\"https:\/\/gsbernard.ch\/gsb\/wp-content\/uploads\/2020\/07\/volluzgratien-300x193.jpg\" alt=\"\" width=\"300\" height=\"193\" srcset=\"https:\/\/gsbernard.ch\/gsb\/wp-content\/uploads\/2020\/07\/volluzgratien-300x193.jpg 300w, https:\/\/gsbernard.ch\/gsb\/wp-content\/uploads\/2020\/07\/volluzgratien.jpg 552w\" sizes=\"auto, (max-width: 300px) 100vw, 300px\" \/><\/a>","protected":false},"excerpt":{"rendered":"<p>L&rsquo;impulsion de Gratien Volluz Dans les ann\u00e9es 1960, le percement des tunnels sous les grands cols alpins remet en cause la vocation des hospices. La fr\u00e9quentation des hospices baisse et leur utilit\u00e9 est remise en cause par une partie des<\/p>\n","protected":false},"author":1,"featured_media":0,"parent":0,"menu_order":0,"comment_status":"closed","ping_status":"closed","template":"","meta":{"footnotes":""},"class_list":["post-688","page","type-page","status-publish","hentry"],"_links":{"self":[{"href":"https:\/\/gsbernard.ch\/gsb\/wp-json\/wp\/v2\/pages\/688","targetHints":{"allow":["GET"]}}],"collection":[{"href":"https:\/\/gsbernard.ch\/gsb\/wp-json\/wp\/v2\/pages"}],"about":[{"href":"https:\/\/gsbernard.ch\/gsb\/wp-json\/wp\/v2\/types\/page"}],"author":[{"embeddable":true,"href":"https:\/\/gsbernard.ch\/gsb\/wp-json\/wp\/v2\/users\/1"}],"replies":[{"embeddable":true,"href":"https:\/\/gsbernard.ch\/gsb\/wp-json\/wp\/v2\/comments?post=688"}],"version-history":[{"count":13,"href":"https:\/\/gsbernard.ch\/gsb\/wp-json\/wp\/v2\/pages\/688\/revisions"}],"predecessor-version":[{"id":2959,"href":"https:\/\/gsbernard.ch\/gsb\/wp-json\/wp\/v2\/pages\/688\/revisions\/2959"}],"wp:attachment":[{"href":"https:\/\/gsbernard.ch\/gsb\/wp-json\/wp\/v2\/media?parent=688"}],"curies":[{"name":"wp","href":"https:\/\/api.w.org\/{rel}","templated":true}]}}