{"id":68,"date":"2019-02-06T11:24:35","date_gmt":"2019-02-06T10:24:35","guid":{"rendered":"https:\/\/gsbernard.ch\/gsb\/?page_id=68"},"modified":"2019-09-15T16:33:50","modified_gmt":"2019-09-15T14:33:50","slug":"43-2","status":"publish","type":"page","link":"https:\/\/gsbernard.ch\/gsb\/43-2","title":{"rendered":"Textes et pri\u00e8res"},"content":{"rendered":"\r\n<p>PRIERE DU PELERIN DE LA MONTAGNE\u00a0<\/p>\r\n\r\n\r\n\r\n<p>Seigneur J\u00e9sus, toi qui as fait un si long d\u00e9placement d&rsquo;aupr\u00e8s du P\u00e8re<br \/>Pour venir planter ta tente parmi nous;<br \/>Toi qui es n\u00e9 au hasard d&rsquo;un voyage, et tu as couru toutes les routes,<br \/>Celle de l&rsquo;exil, celle des p\u00e8lerinages, celle de la pr\u00e9dication:<br \/>Tire-moi de mon \u00e9go\u00efsme et de mon confort,<br \/>Fais de moi un p\u00e8lerin.<\/p>\r\n\r\n\r\n\r\n<p>Seigneur J\u00e9sus, toi qui as pris si souvent le chemin de la montagne,<br \/>Pour trouver le silence, retrouver le P\u00e8re;<br \/>Pour enseigner tes Ap\u00f4tres, proclamer les b\u00e9atitudes;<br \/>Pour offrir ton sacrifice, envoyer tes Ap\u00f4tres, et faire retour au P\u00e8re,<br \/>Attire-moi vers en haut,<br \/>Fais de moi un p\u00e8lerin de la montagne.<\/p>\r\n\r\n\r\n\r\n<p>A l&rsquo;exemple de saint Bernard,<br \/>J&rsquo;ai \u00e0 \u00e9couter ta parole, j&rsquo;ai \u00e0 me laisser \u00e9branler par ton amour;<br \/>Sans cesse tent\u00e9 de vivre tranquille, tu me demandes de risquer ma vie,<br \/>Comme Abraham, dans un acte de foi;<br \/>Sans cesse tent\u00e9 de m&rsquo;installer, tu me demandes de marcher en esp\u00e9rance<br \/>Vers Toi le plus haut sommet dans la gloire du P\u00e8re.<\/p>\r\n\r\n\r\n\r\n<p>Cr\u00e9\u00e9 par amour, pour aimer,<br \/>Fais, Seigneur, que je marche, que je monte, par les sommets<br \/>Vers Toi,<br \/>Avec toute ma vie, avec tous mes fr\u00e8res, avec toute la cr\u00e9ation,<br \/>Dans l&rsquo;audace et l&rsquo;adoration. Amen<\/p>\r\n\r\n\r\n\r\n<p>HYMNE POUR LA MARCHE<\/p>\r\n\r\n\r\n\r\n<p>Va, p\u00e8lerin, poursuis ta qu\u00eate!<br \/>Va ton chemin, que rien ne t&rsquo;arr\u00eate!<br \/>Prends ta part de soleil et ta part de poussi\u00e8re<br \/>le coeur en \u00e9veil, oublie l&rsquo;\u00e9ph\u00e9m\u00e8re!<\/p>\r\n\r\n\r\n\r\n<p>Tout est n\u00e9ant, rien n&rsquo;est vrai que l&rsquo;amour<br \/>Tout est n\u00e9ant, rien n&rsquo;est vrai que l&rsquo;amour<\/p>\r\n\r\n\r\n\r\n<p>Ne dis pas: \u00ab\u00a0J&rsquo;ai r\u00e9ussi, je suis pay\u00e9 de ma peine!\u00a0\u00bb<br \/>Garde en ton coeur la Parole, voil\u00e0 ton tr\u00e9sor!<\/p>\r\n\r\n\r\n\r\n<p>PRIERE AVANT UNE ASCENSION\u00a0<\/p>\r\n\r\n\r\n\r\n<p>Seigneur, tu nous as donn\u00e9 saint Bernard comme Patron des alpinistes et des habitants de la montagne.<br \/>Par son intercession prot\u00e8ge-nous dans toutes nos ascensions.<br \/>Apr\u00e8s avoir joui de la beaut\u00e9 de la nature, que nous retournions \u00e0 notre t\u00e2che plus sereins et plus forts dans le service de Dieu et de nos fr\u00e8res.<br \/>Tandis que nous nous effor\u00e7ons de marcher sur ses traces ici-bas, accorde-nous d&rsquo;atteindre le v\u00e9ritable Sommet qui est le Christ.<br \/>Amen<\/p>\r\n","protected":false},"excerpt":{"rendered":"<p>PRIERE DU PELERIN DE LA MONTAGNE\u00a0 Seigneur J\u00e9sus, toi qui as fait un si long d\u00e9placement d&rsquo;aupr\u00e8s du P\u00e8rePour venir planter ta tente parmi nous;Toi qui es n\u00e9 au hasard d&rsquo;un voyage, et tu as couru toutes les routes,Celle de<\/p>\n","protected":false},"author":1,"featured_media":0,"parent":0,"menu_order":0,"comment_status":"closed","ping_status":"closed","template":"","meta":{"footnotes":""},"class_list":["post-68","page","type-page","status-publish","hentry"],"_links":{"self":[{"href":"https:\/\/gsbernard.ch\/gsb\/wp-json\/wp\/v2\/pages\/68","targetHints":{"allow":["GET"]}}],"collection":[{"href":"https:\/\/gsbernard.ch\/gsb\/wp-json\/wp\/v2\/pages"}],"about":[{"href":"https:\/\/gsbernard.ch\/gsb\/wp-json\/wp\/v2\/types\/page"}],"author":[{"embeddable":true,"href":"https:\/\/gsbernard.ch\/gsb\/wp-json\/wp\/v2\/users\/1"}],"replies":[{"embeddable":true,"href":"https:\/\/gsbernard.ch\/gsb\/wp-json\/wp\/v2\/comments?post=68"}],"version-history":[{"count":3,"href":"https:\/\/gsbernard.ch\/gsb\/wp-json\/wp\/v2\/pages\/68\/revisions"}],"predecessor-version":[{"id":711,"href":"https:\/\/gsbernard.ch\/gsb\/wp-json\/wp\/v2\/pages\/68\/revisions\/711"}],"wp:attachment":[{"href":"https:\/\/gsbernard.ch\/gsb\/wp-json\/wp\/v2\/media?parent=68"}],"curies":[{"name":"wp","href":"https:\/\/api.w.org\/{rel}","templated":true}]}}