{"id":610,"date":"2019-02-11T15:33:03","date_gmt":"2019-02-11T14:33:03","guid":{"rendered":"https:\/\/gsbernard.ch\/gsb\/?page_id=610"},"modified":"2020-07-12T21:35:16","modified_gmt":"2020-07-12T19:35:16","slug":"51-2","status":"publish","type":"page","link":"https:\/\/gsbernard.ch\/gsb\/51-2","title":{"rendered":"La R\u00e8gle de St. Augustin"},"content":{"rendered":"<div>\n<table border=\"0\" cellspacing=\"0\" cellpadding=\"5\">\n<tbody>\n<tr>\n<td><span style=\"font-size: large;\">Chapitre premier<\/span><\/p>\n<p><em><span style=\"font-size: large;\">\u00ab\u00a0Qui sont donc ceux qui m\u00e8nent une vie commune?\u00a0\u00bb, interroge saint Augustin; et il r\u00e9pond : \u00ab\u00a0Ceux qui n&rsquo;ont qu&rsquo;une \u00e2me et qu&rsquo;un coeur en Dieu\u00a0\u00bb (Ps 132).<\/span><\/em><\/p>\n<p><em><span style=\"font-size: large;\">Que tout, pour vous, soit en commun.<\/span><\/em><\/p>\n<p><em><span style=\"font-size: large;\">Ta pauvret\u00e9 sera essentiellement partage. Tes fr\u00e8res viennent des horizons diff\u00e9rents; respecte ces diff\u00e9rences.<\/span><\/em><\/p>\n<p><em><span style=\"font-size: large;\">Tu vivras pauvre; tu auras un coeur humble, \u00e0 la suite du Christ humble et pauvre.<\/span><\/em><\/p>\n<p><span style=\"font-size: large;\">1 Voici ce que nous vous prescrivons d&rsquo;observer dans le monast\u00e8re.<\/span><\/p>\n<p><span style=\"font-size: large;\">2 Avant tout, vivez unanimes \u00e0 la maison, ayant une seule \u00e2me et un seul coeur tourn\u00e9s vers Dieu. N&rsquo;est-ce pas la raison m\u00eame de votre rassemblement?<\/span><\/p>\n<p><span style=\"font-size: large;\">3 Et puis, qu&rsquo;on n&rsquo;entende pas parler parmi vous de biens personnels, mais qu&rsquo;au contraire tout vous soit commun. Votre fr\u00e8re prieur doit distribuer \u00e0 chacun de vous de quoi se nourrir et se couvrir, non pas selon un principe \u00e9galitaire, puisque vos sant\u00e9s sont in\u00e9gales, mais plut\u00f4t \u00e0 chacun selon ses besoins. Vous lisez, en effet, dans les Actes des Ap\u00f4tres : \u00ab\u00a0Ils avaient tout en commun\u00a0\u00bb (4, 32), et : \u00ab\u00a0On accordait \u00e0 chacun en proportion de ses besoins personnels\u00a0\u00bb (4,35).<\/span><\/p>\n<p><span style=\"font-size: large;\">4 Que ceux qui poss\u00e9daient quelque bien dans le si\u00e8cle acceptent de grand coeur que ce soit chose commune, d\u00e8s leur entr\u00e9e au monast\u00e8re.<\/span><\/p>\n<p><span style=\"font-size: large;\">5 Quant \u00e0 ceux qui s&rsquo;y trouvaient d\u00e9pourvus de biens, qu&rsquo;ils n&rsquo;aillent pas chercher au monast\u00e8re ce qu&rsquo;ils n&rsquo;ont pu poss\u00e9der \u00e0 l&rsquo;ext\u00e9rieur. Mais qu&rsquo;on ne manque pas d&rsquo;accorder \u00e0 leur faiblesse les soulagements qui s&rsquo;imposent m\u00eame si leur indigence s&rsquo;\u00e9tendait au strict n\u00e9cessaire \u00e0 l&rsquo;\u00e9poque o\u00f9 ils se trouvaient au-dehors. Que tout leur bonheur ne soit pas, cependant, d&rsquo;avoir trouv\u00e9 vivre et couvert tels qu&rsquo;au dehors ils n&rsquo;auraient pu se les procurer.<\/span><\/p>\n<p><span style=\"font-size: large;\">6 Qu&rsquo;ils ne rel\u00e8vent pas non plus la t\u00eate parce qu&rsquo;ils partagent la vie de certains hommes dont ils n&rsquo;osaient pas s&rsquo;approcher au-dehors. Qu&rsquo;ils \u00e9l\u00e8vent plut\u00f4t leur coeur, et ne poursuivent pas les choses vaines de la terre. Qu&rsquo;il n&rsquo;arrive pas aux monast\u00e8res de profiter aux riches plus qu&rsquo;aux pauvres, si les riches y devenaient humbles et les pauvres, orgueilleux!<\/span><\/p>\n<p><span style=\"font-size: large;\">7 Mais d&rsquo;autre part, que ceux-l\u00e0 qui jouissaient d&rsquo;une certaine consid\u00e9ration dans le si\u00e8cle ne d\u00e9daigent pas ceux de leurs fr\u00e8res qui se sont joints \u00e0 la m\u00eame sainte assembl\u00e9e \u00e0 partir d&rsquo;un \u00e9tat de pauvret\u00e9. Qu&rsquo;ils s&rsquo;appliquent, au contraire, \u00e0 tirer gloire, non du lustre d&rsquo;une famille fortun\u00e9e, mais de la compagnie de fr\u00e8res qui ont v\u00e9cu dans la pauvret\u00e9. Qu&rsquo;ils ne se vantent pas d&rsquo;avoir apport\u00e9 une part de leurs biens pour faire vivre la communaut\u00e9. S&rsquo;ils ont fait don de leurs richesses au monast\u00e8re, ce n&rsquo;est pas pour en tirer un orgueil plus grand que celui qu&rsquo;aurait pu leur inspirer la jouissance de ces biens dans le si\u00e8cle. Les autres d\u00e9fauts, en effet, s&rsquo;exercent dans les oeuvres mauvaises pour faire qu&rsquo;elles s&rsquo;accomplissent, mais l&rsquo;orgueil, lui, menace m\u00eame les bonnes oeuvres pour faire qu&rsquo;elles d\u00e9p\u00e9rissent. Quel avantage y a-t-il \u00e0 faire des prodigalit\u00e9s envers les pauvres, et \u00e0 devenir pauvre soi-m\u00eame, si la pauvre \u00e2me devient plus orgueilleuse en m\u00e9prisant les richesses qu&rsquo;elle ne l&rsquo;\u00e9tait en les poss\u00e9dant?<\/span><\/p>\n<p><span style=\"font-size: large;\">8 Vivez donc tous dans l&rsquo;unit\u00e9 des coeurs et des \u00e2mes, et honorez les uns dans les autres ce Dieu dont vous \u00eates devenus les temples.<\/span><\/td>\n<\/tr>\n<\/tbody>\n<\/table>\n<\/div>\n","protected":false},"excerpt":{"rendered":"<p>Chapitre premier \u00ab\u00a0Qui sont donc ceux qui m\u00e8nent une vie commune?\u00a0\u00bb, interroge saint Augustin; et il r\u00e9pond : \u00ab\u00a0Ceux qui n&rsquo;ont qu&rsquo;une \u00e2me et qu&rsquo;un coeur en Dieu\u00a0\u00bb (Ps 132). Que tout, pour vous, soit en commun. Ta pauvret\u00e9 sera<\/p>\n","protected":false},"author":1,"featured_media":0,"parent":0,"menu_order":0,"comment_status":"closed","ping_status":"closed","template":"","meta":{"footnotes":""},"class_list":["post-610","page","type-page","status-publish","hentry"],"_links":{"self":[{"href":"https:\/\/gsbernard.ch\/gsb\/wp-json\/wp\/v2\/pages\/610","targetHints":{"allow":["GET"]}}],"collection":[{"href":"https:\/\/gsbernard.ch\/gsb\/wp-json\/wp\/v2\/pages"}],"about":[{"href":"https:\/\/gsbernard.ch\/gsb\/wp-json\/wp\/v2\/types\/page"}],"author":[{"embeddable":true,"href":"https:\/\/gsbernard.ch\/gsb\/wp-json\/wp\/v2\/users\/1"}],"replies":[{"embeddable":true,"href":"https:\/\/gsbernard.ch\/gsb\/wp-json\/wp\/v2\/comments?post=610"}],"version-history":[{"count":2,"href":"https:\/\/gsbernard.ch\/gsb\/wp-json\/wp\/v2\/pages\/610\/revisions"}],"predecessor-version":[{"id":2456,"href":"https:\/\/gsbernard.ch\/gsb\/wp-json\/wp\/v2\/pages\/610\/revisions\/2456"}],"wp:attachment":[{"href":"https:\/\/gsbernard.ch\/gsb\/wp-json\/wp\/v2\/media?parent=610"}],"curies":[{"name":"wp","href":"https:\/\/api.w.org\/{rel}","templated":true}]}}