{"id":24,"date":"2019-02-06T03:51:38","date_gmt":"2019-02-06T02:51:38","guid":{"rendered":"https:\/\/gsbernard.ch\/gsb\/?page_id=24"},"modified":"2025-06-07T14:36:04","modified_gmt":"2025-06-07T12:36:04","slug":"14-2","status":"publish","type":"page","link":"https:\/\/gsbernard.ch\/gsb\/14-2","title":{"rendered":"Religieux et Associ\u00e9(e)s  (29)"},"content":{"rendered":"\n<p><strong>\u00a0Chanoines \u00e0 Voeux Perp\u00e9tuels<\/strong><\/p>\n<table style=\"border-collapse: collapse; width: 74.3021%; height: 819px;\">\n<tbody>\n<tr style=\"height: 33px;\">\n<td style=\"width: 25%; height: 33px;\"><span style=\"background-color: #ccffff;\">Pr\u00e9nom et Nom<\/span><\/td>\n<td style=\"width: 6.44501%; height: 33px;\"><span style=\"background-color: #ccffff;\">Naissance<\/span><\/td>\n<td style=\"width: 13.9162%; height: 33px;\"><span style=\"background-color: #ccffff;\">Profession et Ordination sacerdotale<\/span><\/td>\n<td style=\"width: 15.525%; height: 33px;\"><span style=\"background-color: #ccffff;\">Email<\/span><\/td>\n<td style=\"width: 1.20919%; height: 33px;\">\u00a0<\/td>\n<td style=\"width: 23.1868%; height: 33px;\">\u00a0<\/td>\n<td style=\"width: 27.5287%; height: 33px;\">\u00a0<\/td>\n<td style=\"width: 1.16523%; height: 33px;\">\u00a0<\/td>\n<td style=\"width: 2.47855%; height: 33px;\">\u00a0<\/td>\n<\/tr>\n<tr style=\"height: 33px;\">\n<td style=\"width: 25%; height: 33px;\">Mgr. Jean-Pierre VOUTAZ, Pr\u00e9v\u00f4t<\/td>\n<td style=\"width: 6.44501%; height: 33px;\">1973<\/td>\n<td style=\"width: 13.9162%; height: 33px;\">1995 &#8211; 2001<\/td>\n<td style=\"width: 15.525%; height: 33px;\">jpvoutaz@gsbernard.ch<\/td>\n<td style=\"width: 1.20919%; height: 33px;\">\u00a0<\/td>\n<td style=\"width: 23.1868%; height: 33px;\">\u00a0<\/td>\n<td style=\"width: 27.5287%; height: 33px;\">\u00a0<\/td>\n<td style=\"width: 1.16523%; height: 33px;\">\u00a0<\/td>\n<td style=\"width: 2.47855%; height: 33px;\">\u00a0<\/td>\n<\/tr>\n<tr style=\"height: 33px;\">\n<td style=\"width: 25%; height: 33px;\">\n<p>Mgr. Jean-Marie LOVEY, Ev\u00eaque de Sion.<\/p>\n<p>Pr\u00e9v\u00f4t \u00e9m\u00e9rite<\/p>\n<\/td>\n<td style=\"width: 6.44501%; height: 33px;\">1950<\/td>\n<td style=\"width: 13.9162%; height: 33px;\">1971 &#8211; 1977<\/td>\n<td style=\"width: 15.525%; height: 33px;\">jmlovey@gsbernard.ch<\/td>\n<td style=\"width: 1.20919%; height: 33px;\">\u00a0<\/td>\n<td style=\"width: 23.1868%; height: 33px;\">\u00a0<\/td>\n<td style=\"width: 27.5287%; height: 33px;\">\u00a0<\/td>\n<td style=\"width: 1.16523%; height: 33px;\">\u00a0<\/td>\n<td style=\"width: 2.47855%; height: 33px;\">\u00a0<\/td>\n<\/tr>\n<tr style=\"height: 33px;\">\n<td style=\"width: 25%; height: 33px;\">Mgr. Beno\u00eet VOUILLOZ, Pr\u00e9v\u00f4t \u00e9m\u00e9rite<\/td>\n<td style=\"width: 6.44501%; height: 33px;\">1938<\/td>\n<td style=\"width: 13.9162%; height: 33px;\">1965 &#8211; 1969<\/td>\n<td style=\"width: 15.525%; height: 33px;\">\u00a0<\/td>\n<td style=\"width: 1.20919%; height: 33px;\">\u00a0<\/td>\n<td style=\"width: 23.1868%; height: 33px;\">\u00a0<\/td>\n<td style=\"width: 27.5287%; height: 33px;\">\u00a0<\/td>\n<td style=\"width: 1.16523%; height: 33px;\">\u00a0<\/td>\n<td style=\"width: 2.47855%; height: 33px;\">\u00a0<\/td>\n<\/tr>\n<tr style=\"height: 33px;\">\n<td style=\"width: 25%; height: 33px;\">Mgr. Jean-Michel GIRARD, Pr\u00e9v\u00f4t\u00a0 \u00e9m\u00e9rite<\/td>\n<td style=\"width: 6.44501%; height: 33px;\">1948<\/td>\n<td style=\"width: 13.9162%; height: 33px;\">1968 &#8211; 1974<\/td>\n<td style=\"width: 15.525%; height: 33px;\">jmgirard@mycable.ch<\/td>\n<td style=\"width: 1.20919%; height: 33px;\">\u00a0<\/td>\n<td style=\"width: 23.1868%; height: 33px;\">\u00a0<\/td>\n<td style=\"width: 27.5287%; height: 33px;\">\u00a0<\/td>\n<td style=\"width: 1.16523%; height: 33px;\">\u00a0<\/td>\n<td style=\"width: 2.47855%; height: 33px;\">\u00a0<\/td>\n<\/tr>\n<tr style=\"height: 33px;\">\n<td style=\"width: 25%; height: 33px;\">Fr\u00e8re Jean-Marie GAY-CROSIER<\/td>\n<td style=\"width: 6.44501%; height: 33px;\">1935<\/td>\n<td style=\"width: 13.9162%; height: 33px;\">1957 &#8211; xxx<\/td>\n<td style=\"width: 15.525%; height: 33px;\">Fr\u00e8re Jean-Marie GAY-CROSIER<\/td>\n<td style=\"width: 1.20919%; height: 33px;\">\u00a0<\/td>\n<td style=\"width: 23.1868%; height: 33px;\">\u00a0<\/td>\n<td style=\"width: 27.5287%; height: 33px;\">\u00a0<\/td>\n<td style=\"width: 1.16523%; height: 33px;\">\u00a0<\/td>\n<td style=\"width: 2.47855%; height: 33px;\">\u00a0<\/td>\n<\/tr>\n<tr style=\"height: 33px;\">\n<td style=\"width: 25%; height: 33px;\">No\u00ebl VOEFFRAY<\/td>\n<td style=\"width: 6.44501%; height: 33px;\">1936<\/td>\n<td style=\"width: 13.9162%; height: 33px;\">1958-1963<\/td>\n<td style=\"width: 15.525%; height: 33px;\">noelvoeffray@gsbernard.ch<\/td>\n<td style=\"width: 1.20919%; height: 33px;\">\u00a0<\/td>\n<td style=\"width: 23.1868%; height: 33px;\">\u00a0<\/td>\n<td style=\"width: 27.5287%; height: 33px;\">\u00a0<\/td>\n<td style=\"width: 1.16523%; height: 33px;\">\u00a0<\/td>\n<td style=\"width: 2.47855%; height: 33px;\">\u00a0<\/td>\n<\/tr>\n<tr style=\"height: 33px;\">\n<td style=\"width: 25%; height: 33px;\">Louis LAMON<\/td>\n<td style=\"width: 6.44501%; height: 33px;\">1936<\/td>\n<td style=\"width: 13.9162%; height: 33px;\">1959 &#8211; 1964<\/td>\n<td style=\"width: 15.525%; height: 33px;\">Louis LAMON<\/td>\n<td style=\"width: 1.20919%; height: 33px;\">\u00a0<\/td>\n<td style=\"width: 23.1868%; height: 33px;\">\u00a0<\/td>\n<td style=\"width: 27.5287%; height: 33px;\">\u00a0<\/td>\n<td style=\"width: 1.16523%; height: 33px;\">\u00a0<\/td>\n<td style=\"width: 2.47855%; height: 33px;\">\u00a0<\/td>\n<\/tr>\n<tr style=\"height: 33px;\">\n<td style=\"width: 25%; height: 33px;\">Jean-Claude FOURNIER<\/td>\n<td style=\"width: 6.44501%; height: 33px;\">1938<\/td>\n<td style=\"width: 13.9162%; height: 33px;\">1959 &#8211; 1964<\/td>\n<td style=\"width: 15.525%; height: 33px;\">frw262762@yahoo.com.tw<\/td>\n<td style=\"width: 1.20919%; height: 33px;\">\u00a0<\/td>\n<td style=\"width: 23.1868%; height: 33px;\">\u00a0<\/td>\n<td style=\"width: 27.5287%; height: 33px;\">\u00a0<\/td>\n<td style=\"width: 1.16523%; height: 33px;\">\u00a0<\/td>\n<td style=\"width: 2.47855%; height: 33px;\">\u00a0<\/td>\n<\/tr>\n<tr style=\"height: 33px;\">\n<td style=\"width: 25%; height: 33px;\">Jean EMONET<\/td>\n<td style=\"width: 6.44501%; height: 33px;\">1937<\/td>\n<td style=\"width: 13.9162%; height: 33px;\">1962 &#8211; 1966<\/td>\n<td style=\"width: 15.525%; height: 33px;\">jeanemonet@gmail.com<\/td>\n<td style=\"width: 1.20919%; height: 33px;\">\u00a0<\/td>\n<td style=\"width: 23.1868%; height: 33px;\">\u00a0<\/td>\n<td style=\"width: 27.5287%; height: 33px;\">\u00a0<\/td>\n<td style=\"width: 1.16523%; height: 33px;\">\u00a0<\/td>\n<td style=\"width: 2.47855%; height: 33px;\">\u00a0<\/td>\n<\/tr>\n<tr style=\"height: 33px;\">\n<td style=\"width: 25%; height: 33px;\">Ren\u00e9-Meinrad KAELIN<\/td>\n<td style=\"width: 6.44501%; height: 33px;\">1942<\/td>\n<td style=\"width: 13.9162%; height: 33px;\">1963 &#8211; 1968<\/td>\n<td style=\"width: 15.525%; height: 33px;\">rmk@gsbernard.ch<\/td>\n<td style=\"width: 1.20919%; height: 33px;\">\u00a0<\/td>\n<td style=\"width: 23.1868%; height: 33px;\">\u00a0<\/td>\n<td style=\"width: 27.5287%; height: 33px;\">\u00a0<\/td>\n<td style=\"width: 1.16523%; height: 33px;\">\u00a0<\/td>\n<td style=\"width: 2.47855%; height: 33px;\">\u00a0<\/td>\n<\/tr>\n<tr style=\"height: 33px;\">\n<td style=\"width: 25%; height: 33px;\">Michel PRAPLAN<\/td>\n<td style=\"width: 6.44501%; height: 33px;\">1944<\/td>\n<td style=\"width: 13.9162%; height: 33px;\">1965 &#8211; 1970<\/td>\n<td style=\"width: 15.525%; height: 33px;\">mp@gsbernard.ch<\/td>\n<td style=\"width: 1.20919%; height: 33px;\">\u00a0<\/td>\n<td style=\"width: 23.1868%; height: 33px;\">\u00a0<\/td>\n<td style=\"width: 27.5287%; height: 33px;\">\u00a0<\/td>\n<td style=\"width: 1.16523%; height: 33px;\">\u00a0<\/td>\n<td style=\"width: 2.47855%; height: 33px;\">\u00a0<\/td>\n<\/tr>\n<tr style=\"height: 33px;\">\n<td style=\"width: 25%; height: 33px;\">Bernard GABIOUD<\/td>\n<td style=\"width: 6.44501%; height: 33px;\">1945<\/td>\n<td style=\"width: 13.9162%; height: 33px;\">1965 &#8211; 1970<\/td>\n<td style=\"width: 15.525%; height: 33px;\">bernard.gabioud@gsbernard.ch<\/td>\n<td style=\"width: 1.20919%; height: 33px;\">\u00a0<\/td>\n<td style=\"width: 23.1868%; height: 33px;\">\u00a0<\/td>\n<td style=\"width: 27.5287%; height: 33px;\">\u00a0<\/td>\n<td style=\"width: 1.16523%; height: 33px;\">\u00a0<\/td>\n<td style=\"width: 2.47855%; height: 33px;\">\u00a0<\/td>\n<\/tr>\n<tr style=\"height: 33px;\">\n<td style=\"width: 25%; height: 33px;\">Klaus SARBACH<\/td>\n<td style=\"width: 6.44501%; height: 33px;\">1947<\/td>\n<td style=\"width: 13.9162%; height: 33px;\">1969 &#8211; 1975<\/td>\n<td style=\"width: 15.525%; height: 33px;\">klaus.sarbach@gsbernard.ch<\/td>\n<td style=\"width: 1.20919%; height: 33px;\">\u00a0<\/td>\n<td style=\"width: 23.1868%; height: 33px;\">\u00a0<\/td>\n<td style=\"width: 27.5287%; height: 33px;\">\u00a0<\/td>\n<td style=\"width: 1.16523%; height: 33px;\">\u00a0<\/td>\n<td style=\"width: 2.47855%; height: 33px;\">\u00a0<\/td>\n<\/tr>\n<tr style=\"height: 33px;\">\n<td style=\"width: 25%; height: 33px;\">Gabriel D\u00c9L\u00c8ZE<\/td>\n<td style=\"width: 6.44501%; height: 33px;\">1949<\/td>\n<td style=\"width: 13.9162%; height: 33px;\">1970 &#8211; 1976<\/td>\n<td style=\"width: 15.525%; height: 33px;\">delezegabriel@hotmail.com<\/td>\n<td style=\"width: 1.20919%; height: 33px;\">\u00a0<\/td>\n<td style=\"width: 23.1868%; height: 33px;\">\u00a0<\/td>\n<td style=\"width: 27.5287%; height: 33px;\">\u00a0<\/td>\n<td style=\"width: 1.16523%; height: 33px;\">\u00a0<\/td>\n<td style=\"width: 2.47855%; height: 33px;\">\u00a0<\/td>\n<\/tr>\n<tr style=\"height: 16px;\">\n<td style=\"width: 25%; height: 16px;\">Yvon KULL<\/td>\n<td style=\"width: 6.44501%; height: 16px;\">1950<\/td>\n<td style=\"width: 13.9162%; height: 16px;\">1970 &#8211; 1977<\/td>\n<td style=\"width: 15.525%; height: 16px;\">\u00a0<\/td>\n<td style=\"width: 1.20919%; height: 16px;\">\u00a0<\/td>\n<td style=\"width: 23.1868%; height: 16px;\">\u00a0<\/td>\n<td style=\"width: 27.5287%; height: 16px;\">\u00a0<\/td>\n<td style=\"width: 1.16523%; height: 16px;\">\u00a0<\/td>\n<td style=\"width: 2.47855%; height: 16px;\">\u00a0<\/td>\n<\/tr>\n<tr style=\"height: 33px;\">\n<td style=\"width: 25%; height: 46px;\">Fran\u00e7ois LAMON<\/td>\n<td style=\"width: 6.44501%; height: 46px;\">1954<\/td>\n<td style=\"width: 13.9162%; height: 46px;\">1976 &#8211; 1981<\/td>\n<td style=\"width: 15.525%; height: 46px;\">francoislamon@gsbernard.ch<\/td>\n<td style=\"width: 1.20919%; height: 46px;\">\u00a0<\/td>\n<td style=\"width: 23.1868%; height: 46px;\">\u00a0<\/td>\n<td style=\"width: 27.5287%; height: 46px;\">\u00a0<\/td>\n<td style=\"width: 1.16523%; height: 46px;\">\u00a0<\/td>\n<td style=\"width: 2.47855%; height: 46px;\">\u00a0<\/td>\n<\/tr>\n<tr style=\"height: 33px;\">\n<td style=\"width: 25%; height: 10px;\">\u00a0<\/td>\n<td style=\"width: 6.44501%; height: 10px;\">\u00a0<\/td>\n<td style=\"width: 13.9162%; height: 10px;\">\u00a0<\/td>\n<td style=\"width: 15.525%; height: 10px;\">\u00a0<\/td>\n<td style=\"width: 1.20919%; height: 10px;\">\u00a0<\/td>\n<td style=\"width: 23.1868%; height: 10px;\">\u00a0<\/td>\n<td style=\"width: 27.5287%; height: 10px;\">\u00a0<\/td>\n<td style=\"width: 1.16523%; height: 10px;\">\u00a0<\/td>\n<td style=\"width: 2.47855%; height: 10px;\">\u00a0<\/td>\n<\/tr>\n<tr style=\"height: 33px;\">\n<td style=\"width: 25%; height: 33px;\">Jean-Michel LONFAT<\/td>\n<td style=\"width: 6.44501%; height: 33px;\">1954<\/td>\n<td style=\"width: 13.9162%; height: 33px;\">1980 &#8211; 1983<\/td>\n<td style=\"width: 15.525%; height: 33px;\">lonfatjm1933@hotmail.com<\/td>\n<td style=\"width: 1.20919%; height: 33px;\">\u00a0<\/td>\n<td style=\"width: 23.1868%; height: 33px;\">\u00a0<\/td>\n<td style=\"width: 27.5287%; height: 33px;\">\u00a0<\/td>\n<td style=\"width: 1.16523%; height: 33px;\">\u00a0<\/td>\n<td style=\"width: 2.47855%; height: 33px;\">\u00a0<\/td>\n<\/tr>\n<tr style=\"height: 33px;\">\n<td style=\"width: 25%; height: 33px;\">Rapha\u00ebl DUCHOUD<\/td>\n<td style=\"width: 6.44501%; height: 33px;\">1960<\/td>\n<td style=\"width: 13.9162%; height: 33px;\">1983 &#8211; 1989<\/td>\n<td style=\"width: 15.525%; height: 33px;\">raphael@gsbernard.ch<\/td>\n<td style=\"width: 1.20919%; height: 33px;\">\u00a0<\/td>\n<td style=\"width: 23.1868%; height: 33px;\">\u00a0<\/td>\n<td style=\"width: 27.5287%; height: 33px;\">\u00a0<\/td>\n<td style=\"width: 1.16523%; height: 33px;\">\u00a0<\/td>\n<td style=\"width: 2.47855%; height: 33px;\">\u00a0<\/td>\n<\/tr>\n<tr style=\"height: 33px;\">\n<td style=\"width: 25%; height: 33px;\">Fr\u00e9d\u00e9ric GAILLARD<\/td>\n<td style=\"width: 6.44501%; height: 33px;\">1965<\/td>\n<td style=\"width: 13.9162%; height: 33px;\">1987-1994 Diaconat<\/td>\n<td style=\"width: 15.525%; height: 33px;\">frederic@gsbernard.ch<\/td>\n<td style=\"width: 1.20919%; height: 33px;\">\u00a0<\/td>\n<td style=\"width: 23.1868%; height: 33px;\">\u00a0<\/td>\n<td style=\"width: 27.5287%; height: 33px;\">\u00a0<\/td>\n<td style=\"width: 1.16523%; height: 33px;\">\u00a0<\/td>\n<td style=\"width: 2.47855%; height: 33px;\">\u00a0<\/td>\n<\/tr>\n<tr style=\"height: 33px;\">\n<td style=\"width: 25%; height: 33px;\">Daniel SALZGEBER<\/td>\n<td style=\"width: 6.44501%; height: 33px;\">1963<\/td>\n<td style=\"width: 13.9162%; height: 33px;\">1990 &#8211; 1994<\/td>\n<td style=\"width: 15.525%; height: 33px;\">dasalzgeber@gsbernard.ch<\/td>\n<td style=\"width: 1.20919%; height: 33px;\">\u00a0<\/td>\n<td style=\"width: 23.1868%; height: 33px;\">\u00a0<\/td>\n<td style=\"width: 27.5287%; height: 33px;\">\u00a0<\/td>\n<td style=\"width: 1.16523%; height: 33px;\">\u00a0<\/td>\n<td style=\"width: 2.47855%; height: 33px;\">\u00a0<\/td>\n<\/tr>\n<tr style=\"height: 33px;\">\n<td style=\"width: 25%; height: 35px;\">Jos\u00e9 MITTAZ<\/td>\n<td style=\"width: 6.44501%; height: 35px;\">1972<\/td>\n<td style=\"width: 13.9162%; height: 35px;\">1993 &#8211; 1999<\/td>\n<td style=\"width: 15.525%; height: 35px;\">josemittaz@gsbernard.ch<\/td>\n<td style=\"width: 1.20919%; height: 35px;\">\u00a0<\/td>\n<td style=\"width: 23.1868%; height: 35px;\">\u00a0<\/td>\n<td style=\"width: 27.5287%; height: 35px;\">\u00a0<\/td>\n<td style=\"width: 1.16523%; height: 35px;\">\u00a0<\/td>\n<td style=\"width: 2.47855%; height: 35px;\">\u00a0<\/td>\n<\/tr>\n<tr style=\"height: 33px;\">\n<td style=\"width: 25%; height: 10px;\">\u00a0<\/td>\n<td style=\"width: 6.44501%; height: 10px;\">\u00a0<\/td>\n<td style=\"width: 13.9162%; height: 10px;\">\u00a0<\/td>\n<td style=\"width: 15.525%; height: 10px;\">\u00a0<\/td>\n<td style=\"width: 1.20919%; height: 10px;\">\u00a0<\/td>\n<td style=\"width: 23.1868%; height: 10px;\">\u00a0<\/td>\n<td style=\"width: 27.5287%; height: 10px;\">\u00a0<\/td>\n<td style=\"width: 1.16523%; height: 10px;\">\u00a0<\/td>\n<td style=\"width: 2.47855%; height: 10px;\">\u00a0<\/td>\n<\/tr>\n<tr style=\"height: 33px;\">\n<td style=\"width: 25%; height: 33px;\">Joseph VOUTAZ<\/td>\n<td style=\"width: 6.44501%; height: 33px;\">1973<\/td>\n<td style=\"width: 13.9162%; height: 33px;\">1995 &#8211; 2001<\/td>\n<td style=\"width: 15.525%; height: 33px;\">jvoutaz@gsbernard.ch<\/td>\n<td style=\"width: 1.20919%; height: 33px;\">\u00a0<\/td>\n<td style=\"width: 23.1868%; height: 33px;\">\u00a0<\/td>\n<td style=\"width: 27.5287%; height: 33px;\">\u00a0<\/td>\n<td style=\"width: 1.16523%; height: 33px;\">\u00a0<\/td>\n<td style=\"width: 2.47855%; height: 33px;\">\u00a0<\/td>\n<\/tr>\n<tr style=\"height: 16px;\">\n<td style=\"width: 25%; height: 10px;\">Joseph YANG<\/td>\n<td style=\"width: 6.44501%; height: 10px;\">1979<\/td>\n<td style=\"width: 13.9162%; height: 10px;\">2010 &#8211; 2005<\/td>\n<td style=\"width: 15.525%; height: 10px;\">yang-joseph@hotmail.com<\/td>\n<td style=\"width: 1.20919%; height: 10px;\">\u00a0<\/td>\n<td style=\"width: 23.1868%; height: 10px;\">\u00a0<\/td>\n<td style=\"width: 27.5287%; height: 10px;\">\u00a0<\/td>\n<td style=\"width: 1.16523%; height: 10px;\">\u00a0<\/td>\n<td style=\"width: 2.47855%; height: 10px;\">\u00a0<\/td>\n<\/tr>\n<tr style=\"height: 16px;\">\n<td style=\"width: 25%; height: 16px;\">Simon RODUIT<\/td>\n<td style=\"width: 6.44501%; height: 16px;\">1992<\/td>\n<td style=\"width: 13.9162%; height: 16px;\">2016-2021<\/td>\n<td style=\"width: 15.525%; height: 16px;\">simon@gsbernard.ch<\/td>\n<td style=\"width: 1.20919%; height: 16px;\">\u00a0<\/td>\n<td style=\"width: 23.1868%; height: 16px;\">\u00a0<\/td>\n<td style=\"width: 27.5287%; height: 16px;\">\u00a0<\/td>\n<td style=\"width: 1.16523%; height: 16px;\">\u00a0<\/td>\n<td style=\"width: 2.47855%; height: 16px;\">\u00a0<\/td>\n<\/tr>\n<tr style=\"height: 16px;\">\n<td style=\"width: 25%; height: 16px;\">Hugues DE LA BOUSSINI\u00c8RE<\/td>\n<td style=\"width: 6.44501%; height: 16px;\">1992<\/td>\n<td style=\"width: 13.9162%; height: 16px;\">2017-2022\u00a0<\/td>\n<td style=\"width: 15.525%; height: 16px;\">huguesdelab@gmail.com<\/td>\n<td style=\"width: 1.20919%; height: 16px;\">\u00a0<\/td>\n<td style=\"width: 23.1868%; height: 16px;\">\u00a0<\/td>\n<td style=\"width: 27.5287%; height: 16px;\">\u00a0<\/td>\n<td style=\"width: 1.16523%; height: 16px;\">\u00a0<\/td>\n<td style=\"width: 2.47855%; height: 16px;\">\u00a0<\/td>\n<\/tr>\n<\/tbody>\n<\/table>\n<p><strong>Oblat<\/strong><\/p>\n<table style=\"border-collapse: collapse; width: 74.7126%; height: 43px;\">\n<tbody>\n<tr style=\"height: 33px;\">\n<td style=\"width: 28.0803%; height: 33px;\"><span style=\"background-color: #ccffff;\">Pr\u00e9nom et Nom<\/span><\/td>\n<td style=\"width: 8.84889%; height: 33px;\"><span style=\"background-color: #ccffff;\">Naissance<\/span><\/td>\n<td style=\"width: 15.0785%; height: 33px;\"><span style=\"background-color: #ccffff;\">Engagement<\/span><\/td>\n<td style=\"width: 23.8133%; height: 33px;\"><span style=\"background-color: #ccffff;\">Email<\/span><\/td>\n<\/tr>\n<tr style=\"height: 33px;\">\n<td style=\"width: 28.0803%; height: 10px;\">\n<p>Thierry PLUQUET<\/p>\n<\/td>\n<td style=\"width: 8.84889%; height: 10px;\">\u00a0<\/td>\n<td style=\"width: 15.0785%; height: 10px;\">\n<p>Oblat<\/p>\n<\/td>\n<td style=\"width: 23.8133%; height: 10px;\">\n<p>thierry.pluquet@mail.com<\/p>\n<\/td>\n<\/tr>\n<\/tbody>\n<\/table>\n<p><strong>La\u00efques consacr\u00e9es associ\u00e9es<\/strong><\/p>\n<table style=\"border-collapse: collapse; width: 74.5485%; height: 109px;\">\n<tbody>\n<tr style=\"height: 33px;\">\n<td style=\"width: 26.4035%; height: 33px;\"><span style=\"background-color: #ccffff;\">Pr\u00e9nom et Nom<\/span><\/td>\n<td style=\"width: 7.098%; height: 33px;\"><span style=\"background-color: #ccffff;\">Naissance<\/span><\/td>\n<td style=\"width: 10.7245%; height: 33px;\"><span style=\"background-color: #ccffff;\">Engagement<\/span><\/td>\n<td style=\"width: 16.4781%; height: 33px;\"><span style=\"background-color: #ccffff;\">Email<\/span><\/td>\n<\/tr>\n<tr class=\"row-2 even\">\n<td class=\"column-1\" style=\"width: 26.4035%;\">Jacqueline LATTION<\/td>\n<td class=\"column-2\" style=\"width: 7.098%;\">1948<\/td>\n<td class=\"column-3\" style=\"width: 10.7245%;\">1995<\/td>\n<td class=\"column-4\" style=\"width: 16.4781%;\">jacqueline@gsbernard.ch<\/td>\n<\/tr>\n<tr style=\"height: 33px;\">\n<td class=\"column-1\" style=\"width: 26.4035%;\">Anne-Marie MAILLARD<\/td>\n<td class=\"column-2\" style=\"width: 7.098%;\">1960<\/td>\n<td class=\"column-3\" style=\"width: 10.7245%;\">2006<\/td>\n<td class=\"column-4\" style=\"width: 16.4781%;\">amm@gsbernard.ch<\/td>\n<\/tr>\n<tr class=\"row-4 even\">\n<td class=\"column-1\" style=\"width: 26.4035%;\">Anne-Laure GAUSSERON<\/td>\n<td class=\"column-2\" style=\"width: 7.098%;\">1974<\/td>\n<td class=\"column-3\" style=\"width: 10.7245%;\">2017<\/td>\n<td class=\"column-4\" style=\"width: 16.4781%;\">algausseron@gsbernard.ch<\/td>\n<\/tr>\n<\/tbody>\n<\/table>\n<p><strong>Familiers<\/strong><\/p>\n<table style=\"border-collapse: collapse; width: 74.7126%; height: 43px;\">\n<tbody>\n<tr style=\"height: 33px;\">\n<td style=\"width: 32.8108%; height: 33px;\"><span style=\"background-color: #ccffff;\">Pr\u00e9nom et Nom<\/span><\/td>\n<td style=\"width: 1.10011%; height: 33px;\"><span style=\"background-color: #ccffff;\">Naissance<\/span><\/td>\n<td style=\"width: 43.6813%; height: 33px;\">\u00a0<\/td>\n<td style=\"width: 0.821018%; height: 33px;\">\u00a0<\/td>\n<\/tr>\n<tr style=\"height: 33px;\">\n<td style=\"width: 32.8108%; height: 10px;\">P\u00e8re Jean-Marie POMMARES<\/td>\n<td style=\"width: 1.10011%; height: 10px;\">1949<\/td>\n<td style=\"width: 43.6813%; height: 10px;\">\u00a0<\/td>\n<td style=\"width: 0.821018%; height: 10px;\">\u00a0<\/td>\n<\/tr>\n<tr style=\"height: 33px;\">\n<td style=\"width: 32.8108%; height: 10px;\">Thomas BRANTSCHEN<\/td>\n<td style=\"width: 1.10011%; height: 10px;\">1963<\/td>\n<td style=\"width: 43.6813%; height: 10px;\">\u00a0<\/td>\n<td style=\"width: 0.821018%; height: 10px;\">\u00a0<\/td>\n<\/tr>\n<\/tbody>\n<\/table>\n<p><strong>Novice<\/strong><\/p>\n<table style=\"border-collapse: collapse; width: 74.7126%; height: 53px;\">\n<tbody>\n<tr style=\"height: 33px;\">\n<td style=\"width: 39.6315%; height: 33px;\">\n<p><span style=\"background-color: #ccffff;\">Pr\u00e9nom et Nom<\/span><\/p>\n<p>Samuel Michaud<\/p>\n<\/td>\n<td style=\"width: 9.79103%; height: 33px;\">\n<p><span style=\"background-color: #ccffff;\">Naissance<\/span><\/p>\n<p>1980<\/p>\n<\/td>\n<td style=\"width: 28.2797%; height: 33px;\">\n<p>\u00a0<\/p>\n<p>samuelmichaud@hotmail.com<\/p>\n<\/td>\n<td style=\"width: 0.821018%; height: 33px;\">\u00a0<\/td>\n<\/tr>\n<tr style=\"height: 33px;\">\n<td style=\"width: 39.6315%; height: 10px;\">\u00a0<\/td>\n<td style=\"width: 9.79103%; height: 10px;\">\u00a0<\/td>\n<td style=\"width: 28.2797%; height: 10px;\">\u00a0<\/td>\n<td style=\"width: 0.821018%; height: 10px;\">\u00a0<\/td>\n<\/tr>\n<tr style=\"height: 33px;\">\n<td style=\"width: 39.6315%; height: 10px;\">\u00a0<\/td>\n<td style=\"width: 9.79103%; height: 10px;\">\u00a0<\/td>\n<td style=\"width: 28.2797%; height: 10px;\">\u00a0<\/td>\n<td style=\"width: 0.821018%; height: 10px;\">\u00a0<\/td>\n<\/tr>\n<\/tbody>\n<\/table>\n","protected":false},"excerpt":{"rendered":"<p>\u00a0Chanoines \u00e0 Voeux Perp\u00e9tuels Pr\u00e9nom et Nom Naissance Profession et Ordination sacerdotale Email \u00a0 \u00a0 \u00a0 \u00a0 \u00a0 Mgr. Jean-Pierre VOUTAZ, Pr\u00e9v\u00f4t 1973 1995 &#8211; 2001 jpvoutaz@gsbernard.ch \u00a0 \u00a0 \u00a0 \u00a0 \u00a0 Mgr. Jean-Marie LOVEY, Ev\u00eaque de Sion. Pr\u00e9v\u00f4t \u00e9m\u00e9rite<\/p>\n","protected":false},"author":1,"featured_media":0,"parent":0,"menu_order":0,"comment_status":"closed","ping_status":"closed","template":"","meta":{"footnotes":""},"class_list":["post-24","page","type-page","status-publish","hentry"],"_links":{"self":[{"href":"https:\/\/gsbernard.ch\/gsb\/wp-json\/wp\/v2\/pages\/24","targetHints":{"allow":["GET"]}}],"collection":[{"href":"https:\/\/gsbernard.ch\/gsb\/wp-json\/wp\/v2\/pages"}],"about":[{"href":"https:\/\/gsbernard.ch\/gsb\/wp-json\/wp\/v2\/types\/page"}],"author":[{"embeddable":true,"href":"https:\/\/gsbernard.ch\/gsb\/wp-json\/wp\/v2\/users\/1"}],"replies":[{"embeddable":true,"href":"https:\/\/gsbernard.ch\/gsb\/wp-json\/wp\/v2\/comments?post=24"}],"version-history":[{"count":121,"href":"https:\/\/gsbernard.ch\/gsb\/wp-json\/wp\/v2\/pages\/24\/revisions"}],"predecessor-version":[{"id":3466,"href":"https:\/\/gsbernard.ch\/gsb\/wp-json\/wp\/v2\/pages\/24\/revisions\/3466"}],"wp:attachment":[{"href":"https:\/\/gsbernard.ch\/gsb\/wp-json\/wp\/v2\/media?parent=24"}],"curies":[{"name":"wp","href":"https:\/\/api.w.org\/{rel}","templated":true}]}}