{"id":22,"date":"2019-02-06T03:50:18","date_gmt":"2019-02-06T02:50:18","guid":{"rendered":"https:\/\/gsbernard.ch\/gsb\/?page_id=22"},"modified":"2025-06-07T14:25:39","modified_gmt":"2025-06-07T12:25:39","slug":"13-2","status":"publish","type":"page","link":"https:\/\/gsbernard.ch\/gsb\/13-2","title":{"rendered":"La Conf\u00e9d\u00e9ration des chanoines r\u00e9guliers de Saint Augustin"},"content":{"rendered":"\n\n<p>Par la lettre apostolique \u00ab\u00a0Caritatis Unitas\u00a0\u00bb (4 mai 1959), le bienheureux pape Jean XXIII fonde la Conf\u00e9d\u00e9ration des chanoines r\u00e9guliers de Saint-Augustin. Quatre petites congr\u00e9gations s\u2019entraident et renforcent ainsi leurs liens de charit\u00e9. Ils promeuvent ensemble la vie canoniale en l\u2019adaptant aux besoins de notre temps. Depuis lors, cinq autres congr\u00e9gations ont rejoint la Conf\u00e9d\u00e9ration.<\/p>\n<p>L\u2019aide mutuelle se concr\u00e9tise par une structure abbatiale, avec un Primat, \u00e9lu pour six ans, qui r\u00e9unit son conseil primatial au-moins une fois par ann\u00e9e. Son conseil comprend les sup\u00e9rieurs majeurs et les d\u00e9l\u00e9gu\u00e9s des congr\u00e9gations membres. Le rythme de vie est r\u00e9parti sur un cycle de trois ans. La premi\u00e8re ann\u00e9e est organis\u00e9e une semaine th\u00e9matique par zone linguistique. La seconde ann\u00e9e c\u2019est une mise en commun par des journ\u00e9es d\u2019\u00e9tude \u00e0 Neustift (Novacella, Province de Bolzano, Italie). La troisi\u00e8me ann\u00e9e a lieu une semaine de congr\u00e8s des chanoines r\u00e9guliers, organis\u00e9 \u00e0 tour de r\u00f4le par les diff\u00e9rentes congr\u00e9gations. La collaboration mutuelle se vit \u00e9galement dans des soutiens, principalement pour la formation des jeunes religieux. Il arrive que le noviciat soit d\u00e9l\u00e9gu\u00e9 \u00e0 une congr\u00e9gation qui accueille davantage de jeunes ou bien que des \u00e9tudiants en th\u00e9ologie soient envoy\u00e9s aux \u00e9tudes dans une des villes o\u00f9 se trouve une maison de chanoine conf\u00e9d\u00e9r\u00e9s. Des semaines th\u00e9matiques ou de formation continue sont aussi r\u00e9guli\u00e8rement organis\u00e9es et ouvertes aux autres congr\u00e9gations. Des temps de repos et aides aux minist\u00e8res sont aussi fr\u00e9quents entre les congr\u00e9gations.<\/p>\n<p>Les Abb\u00e9s-Primats, puis les Primats<\/p>\n<ol>\n<li>1959 &#8211; 1968 Louis-S\u00e9verin Haller (Saint-Maurice)<\/li>\n<li>1968 &#8211; 1974 Gebhard Koberger (Congr\u00e9gation autrichienne)<\/li>\n<li>1974 &#8211; 1980 Anthony Bull (Congr\u00e9gation du Latran)<\/li>\n<li>1980 &#8211; 1986 Angelin-Maurice Lovey (Congr\u00e9gation du Grand Saint-Bernard)<\/li>\n<li>1986 &#8211; 1992 Karl Egger (Congr\u00e9gation de Windesheim)<\/li>\n<li>1992 &#8211; 1998 Henri Salina (Congr\u00e9gation de Saint-Maurice)<\/li>\n<li>1998 &#8211; 2004 Anthony Maggs (Congr\u00e9gation du Latran)<\/li>\n<li>2004 &#8211; 2010 Maurice Bitz (Congr\u00e9gation de Saint-Victor)<\/li>\n<li>2010 &#8211; 2016 Bernhard Backovsky (Congr\u00e9gation autrichienne)<\/li>\n<li>2016 &#8211; 2022 Jean-Michel Girard (Congr\u00e9gation du Grand Saint-Bernard)<\/li>\n<li>2022ss Jean Scarcella (Congr\u00e9gation de Saint-Maurice)<\/li>\n<\/ol>\n<p>Les Congr\u00e9gations de chanoines conf\u00e9d\u00e9r\u00e9es<\/p>\n<h3>1. La Congr\u00e9gation du Saint Sauveur du Latran.<\/h3>\n<p>Latran \u00a0<a href=\"http:\/\/www.lateranensi.org\/bicentenario\/\">www.lateranensi.org\/bicentenario\/<\/a> ou en France <a href=\"http:\/\/www.chanoines-du-latran.com\">www.chanoines-du-latran.com<\/a><\/p>\n<p>Sa fondation remonte au 4\u00e8me si\u00e8cle, lors de la construction de la basilique majeure de Saint-Jean-de-Latran. Son histoire est document\u00e9e d\u00e8s le 9\u00e8me si\u00e8cle o\u00f9 l\u2019on apprend que dans la basilique du Latran vit une communaut\u00e9 suivant la r\u00e8gle de Saint Augustin. Le nom actuel remonte au d\u00e9but du 15\u00e8me si\u00e8cle. Il s\u2019agit de la plus ancienne congr\u00e9gation religieuse d\u2019Occident dont l\u2019id\u00e9al de vie s\u2019est transmis. Elle exerce son minist\u00e8re en Europe et en Am\u00e9rique latine.<\/p>\n<h3>2. La Congr\u00e9gation d\u2019Autriche.<\/h3>\n<p><a href=\"http:\/\/www.augustiner-chorherren.at\">www.augustiner-chorherren.at<\/a><\/p>\n<p>La Congr\u00e9gation des chanoines autrichiens a \u00e9t\u00e9 fond\u00e9e en 1907 comme une union des six monast\u00e8res de chanoines r\u00e9guliers d\u2019Autriche qui conservent leur autonomie sous la gouvernance de leur pr\u00e9v\u00f4t et \u00e9lisent p\u00e9riodiquement leur abb\u00e9 g\u00e9n\u00e9ral, qui est, depuis 2024, le pr\u00e9v\u00f4t de Neustift, Mgr Eduard Fischnaller. Elle exerce son minist\u00e8re au Autriche et au Tyrol italien. Voici la liste des abbayes de la congr\u00e9gation autrichiennes.<\/p>\n<h4>2a. St. Florian.<\/h4>\n<p><a href=\"http:\/\/www.stift-st-florian.at\">www.stift-st-florian.at<\/a><\/p>\n<p>En 304, saint Florian subit la mort dans les eaux de la rivi\u00e8re Enns pr\u00e8s du camp romain Lauriacum (aujourd\u2019hui la ville d\u2019Enns\/Lorch), car en tant que magistrat principal de la province de Noricum,il a refus\u00e9 de renier sa foi chr\u00e9tienne. Tr\u00e8s t\u00f4t sa tombe devient un lieu de p\u00e9lerinage. Vers l\u2019an 800 un monast\u00e8re est mentionn\u00e9. En 1071 l\u2019\u00e9v\u00eaque Altmann de Passau\/Allemagne fonde le monast\u00e8re et y installe les Chanoines r\u00e9guliers de saint Augustin en remplacement des Chanoines d\u2019Aachen.<\/p>\n<h4>2b. Reichersberg.<\/h4>\n<p>Reichersberg \u00a0<a href=\"http:\/\/www.stift-reichersberg.at\">www.stift-reichersberg.at<\/a><\/p>\n<p>Fond\u00e9 en 1084 par le Noble Wernher et son \u00e9pouse Dietburga \u00e0 l\u2019occasion du d\u00e9c\u00e8s pr\u00e9matur\u00e9 de leur fils unique Gebhard.<\/p>\n<h4>2c. Herzogenburg.<\/h4>\n<p>Herzogenburg \u00a0<a href=\"http:\/\/www.stift-herzogenburg.at\">www.stift-herzogenburg.at<\/a><\/p>\n<p>Fond\u00e9 en 1112 \u00e0 l\u2019emplacement o\u00f9 la Traisen se jette dans le Danube. C\u2019est l\u2019\u00e9v\u00eaque Ulrich I qui en a eu l\u2019initiative en d\u00e9cidant de la construction d\u2019une \u00e9glise d\u00e9di\u00e9e \u00e0 saint Georges et en y mettant des chanoines de Saint Augustin.<\/p>\n<h4>2d. Klosterneuburg.<\/h4>\n<p>Klosterneuburg\u00a0 <a href=\"http:\/\/www.stift-klosterneuburg.at\">www.stift-klosterneuburg.at<\/a><\/p>\n<p>Fond\u00e9 en 1113 par le comte L\u00e9opold III l\u2019ann\u00e9e durant laquelle il fixa sa r\u00e9sidence \u00e0 Klosterneuburg, dans la banlieue de Vienne.<\/p>\n<h4>2e. Neustift.<\/h4>\n<p>Neustift\u00a0 <a href=\"http:\/\/www.kloster-neustift.it\">www.kloster-neustift.it<\/a><\/p>\n<p>Fond\u00e9 en 1142 par l\u2019\u00e9v\u00eaque de Brixen Hartmann, ce monast\u00e8re de chanoines a servi d\u2019\u00e9tape pour les p\u00e8lerins de Terre Sainte et ceux allant \u00e0 Rome. C\u2019est aussi depuis son origine, un point de r\u00e9f\u00e9rence dans l\u2019histoire intellectuelle de l\u2019Europe.<\/p>\n<h4>2f. Vorau.<\/h4>\n<p>Vorau\u00a0 <a href=\"http:\/\/www.stift-vorau.at\">www.stift-vorau.at<\/a><\/p>\n<p>Fond\u00e9 en 1163 pour \u00eatre un centre de pri\u00e8re, de soin aux \u00e2mes de formation et de culture.<\/p>\n<h3>3. La Congr\u00e9gation du Grand Saint-Bernard.<\/h3>\n<p><a href=\"http:\/\/www.gsbernard.ch\">www.gsbernard.ch<\/a><\/p>\n<p>Vers 1050, St Bernard (d\u2019Aoste, de Menthon ou de Monjoux), archidiacre d\u2019Aoste, fonde l\u2019hospice du Grand-Saint-Bernard au c\u0153ur des Alpes pour y accueillir les p\u00e8lerins, marchands et voyageurs. Il s\u2019agit de la restauration d\u2019un monast\u00e8re d\u00e9truit par des invasions de Sarrasins au milieu du dixi\u00e8me si\u00e8cle et dont la premi\u00e8re mention remonte \u00e0 l\u2019an 812. Nous exer\u00e7ons notre minist\u00e8re en Suisse et \u00e0 Ta\u00efwan.<\/p>\n<h3>4. La Congr\u00e9gation de Saint-Maurice d\u2019Agaune.<\/h3>\n<p>d\u2019Agaune\u00a0 <a href=\"http:\/\/www.abbaye-stmaurice.ch\">www.abbaye-stmaurice.ch<\/a><\/p>\n<p>Le martyre de saint Maurice et de ses compagnons a lieu \u00e0 Agaune \u00e0 la fin du 3\u00e8me si\u00e8cle\u00a0: une l\u00e9gion romaine pr\u00e9f\u00e8re rester fid\u00e8le au Christ plut\u00f4t qu\u2019ob\u00e9ir \u00e0 des ordres imp\u00e9riaux qui vont \u00e0 l\u2019encontre de sa foi. L\u2019abbaye est fond\u00e9e en 515 sur le lieu du martyre par le roi des Burgondes saint Sigismond. En 1128, l\u2019antique monast\u00e8re adopte la r\u00e8gle de saint Augustin. C\u2019est le plus ancien monast\u00e8re d\u2019Occident ayant conserv\u00e9 une pr\u00e9sence priante ininterrompue et vivant sa mission en Suisse.<\/p>\n<h3>5. La Congr\u00e9gation de Windesheim.<\/h3>\n<p>Windesheim\u00a0 <a href=\"https:\/\/www.propstei-paring.de\">https:\/\/www.propstei-paring.de<\/a><\/p>\n<p>La Congr\u00e9gation de Windesheim est confirm\u00e9e par le pape Boniface IX en 1395, dans le mouvement spirituel de la Devotio Moderna, qui propose une relation personnelle avec J\u00e9sus-Christ, dont l\u2019Imitation de J\u00e9sus-Christ (De imitatione Christi) de Thomas a Kempis est le livre phare. Apr\u00e8s une expansion remarquable, la congr\u00e9gation situ\u00e9e en Europ du Nord a connu un grand d\u00e9clin par le passage \u00e0 la R\u00e9forme des pays o\u00f9 elle \u00e9tait \u00e9tablie,\u00a0 puis elle a \u00e9t\u00e9 supprim\u00e9e lors de la s\u00e9cularisation et \u00e0 la nationalisation des biens d\u2019Eglise en Basse-Saxe. Le dernier chanoine mourut en 1865. La Congr\u00e9gation de Windesheim a pu \u00eatre ressuscit\u00e9e, car selon le droit canonique, une communaut\u00e9 religieuse subsiste, apr\u00e8s une dissolution illicite, pendant 100 ans apr\u00e8s la mort du dernier membre. C&rsquo;est ainsi qu&rsquo;en 1960, l&rsquo;Ordre entier des chanoines conf\u00e9d\u00e9r\u00e9s d\u00e9cida de faire revivre la Congr\u00e9gation de Windesheim sous la direction de Mgr Karl Egger, chanoine du Latran et latiniste au Vatican. Ce projet est approuv\u00e9 en 1961 par le pape Jean XXIII. La congr\u00e9gation comprend aujourd\u2019hui l&rsquo;abbaye Maria Regina \u00e0 Tor Lupara (Italie), la pr\u00e9v\u00f4t\u00e9 Saint-Michel \u00e0 Paring (Allemagne) et le prieur\u00e9 de Brno (R\u00e9publique tch\u00e8que).<\/p>\n<h3>6. La Congr\u00e9gation de l\u2019Immacul\u00e9e Conception (CRIC).<\/h3>\n<p><a href=\"http:\/\/www.canoniciregolari-ic.com\">www.canoniciregolari-ic.com<\/a><\/p>\n<p>En 1871, Dom Adrien Gr\u00e9a fonde les chanoines r\u00e9guliers de l\u2019Immacul\u00e9e Conception, qui est une congr\u00e9gation de droit dioc\u00e9sain, c\u2019est \u00e0 dire que le d\u00e9sir du fondateur est que le clerg\u00e9 des dioc\u00e8ses peut avoir l\u2019alternative de la vie commune \u2013 en devenant chanoine et en restant sous l\u2019autorit\u00e9 directe de l\u2019\u00e9v\u00eaque du lieu \u2013 ou de la vie solitaire, en restant pr\u00eatre dioc\u00e9sain. Elle exerce sa mission en Europe et en Am\u00e9rique (latine et du Nord)<\/p>\n<h3>7. La Congr\u00e9gation de Marie M\u00e8re du R\u00e9dempteur.<\/h3>\n<p>R\u00e9dempteur <a href=\"http:\/\/www.la-cotellerie.com\">www.la-cotellerie.com<\/a><\/p>\n<p>Fond\u00e9e en 1971 au lieu-dit la Cotellerie, \u00e0 15 km de Laval (France), les chanoines sont une des trois branches issues de la famille spirituelle de M\u00e8re Marie de la Croix (1901-1999). En 1986 leurs constitutions sont approuv\u00e9es et la Congr\u00e9gation reconnue par Mgr Bill\u00e9, \u00e9v\u00eaque de Laval. En 1987 ils s\u2019affilient \u00e0 l\u2019Ordre des chanoines r\u00e9guliers et leur \u00e9glise conventuelle nouvellement \u00e9rig\u00e9e est consacr\u00e9e en 1994.<\/p>\n<h3>8. La Congr\u00e9gation des Fr\u00e8res de la Vie Commune (CRVC)<\/h3>\n<p><a href=\"http:\/\/www.mariabronnen.de\">www.mariabronnen.de<\/a><\/p>\n<p>Cette d\u00e9nomination remonte \u00e0 Geert Groote et a eu un r\u00f4le important dans le d\u00e9veloppement de la mystique flamande avec la Devotio moderna, dont le plus illustre repr\u00e9sentant est le bienheureux Jean de Ruysbroek (1291-1381). Les Fr\u00e8res de la Vie Commune sont une congr\u00e9gation autonome de droit pontifical, fond\u00e9e en 1975. Les S\u0153urs de la Vie commune sont une communaut\u00e9 de droit \u00e9piscopal, fond\u00e9es en 1976 \u00e0 Maria Bronnen dans le sud de la For\u00eat-Noire (archidioc\u00e8se de Fribourg-en-Brisgau). Ils exercent leur minist\u00e8re en Allemagne.<\/p>\n<h3>9. La Congr\u00e9gation de Saint-Victor.<\/h3>\n<p><a href=\"http:\/\/www.chanoines-saint-victor.fr\">www.chanoines-saint-victor.fr<\/a><\/p>\n<p>Conscients qu\u2019il y avait chez les victoriens une intuition fondamentale qui pouvait r\u00e9pondre aux besoins de l\u2019\u00c9glise en notre temps, trois chanoines de l\u2019abbaye Saint-Maurice d\u2019Agaune (Suisse) vinrent en France en 1968 afin de redonner vie, au sein de la Conf\u00e9d\u00e9ration canoniale, \u00e0 l\u2019h\u00e9ritage spirituel de Saint-Victor. Cela se fit dans une agr\u00e9gation de la branche restitu\u00e9e des chanoines r\u00e9guliers de Windesheim, puis, \u00e0 partir de 1992, de fa\u00e7on autonome. En 1976 le prieur\u00e9 \u00e9tait \u00e9lev\u00e9 au rang d\u2019abbaye, et son premier abb\u00e9 d\u00e9sign\u00e9, en la personne du P\u00e8re Maurice Bitz, qui devenait ainsi l\u2019abb\u00e9 g\u00e9n\u00e9ral de la congr\u00e9gation. Le nombre de confr\u00e8res croissant (pr\u00e8s de 70 en 1997), on put r\u00e9pondre aux appels d\u2019\u00e9v\u00eaques soucieux d\u2019\u00e9tablir dans leurs dioc\u00e8ses des centres vivants de vie fraternelle proche des fid\u00e8les, rayonnant dans la liturgie, l\u2019accueil, l\u2019enseignement et le minist\u00e8re. Ils exercent leur minist\u00e8re en France, en Tanzanie et au Rwanda.<\/p>","protected":false},"excerpt":{"rendered":"<p>Par la lettre apostolique \u00ab\u00a0Caritatis Unitas\u00a0\u00bb (4 mai 1959), le bienheureux pape Jean XXIII fonde la Conf\u00e9d\u00e9ration des chanoines r\u00e9guliers de Saint-Augustin. Quatre petites congr\u00e9gations s\u2019entraident et renforcent ainsi leurs liens de charit\u00e9. Ils promeuvent ensemble la vie canoniale en<\/p>\n","protected":false},"author":1,"featured_media":0,"parent":0,"menu_order":0,"comment_status":"closed","ping_status":"closed","template":"","meta":{"footnotes":""},"class_list":["post-22","page","type-page","status-publish","hentry"],"_links":{"self":[{"href":"https:\/\/gsbernard.ch\/gsb\/wp-json\/wp\/v2\/pages\/22","targetHints":{"allow":["GET"]}}],"collection":[{"href":"https:\/\/gsbernard.ch\/gsb\/wp-json\/wp\/v2\/pages"}],"about":[{"href":"https:\/\/gsbernard.ch\/gsb\/wp-json\/wp\/v2\/types\/page"}],"author":[{"embeddable":true,"href":"https:\/\/gsbernard.ch\/gsb\/wp-json\/wp\/v2\/users\/1"}],"replies":[{"embeddable":true,"href":"https:\/\/gsbernard.ch\/gsb\/wp-json\/wp\/v2\/comments?post=22"}],"version-history":[{"count":16,"href":"https:\/\/gsbernard.ch\/gsb\/wp-json\/wp\/v2\/pages\/22\/revisions"}],"predecessor-version":[{"id":3462,"href":"https:\/\/gsbernard.ch\/gsb\/wp-json\/wp\/v2\/pages\/22\/revisions\/3462"}],"wp:attachment":[{"href":"https:\/\/gsbernard.ch\/gsb\/wp-json\/wp\/v2\/media?parent=22"}],"curies":[{"name":"wp","href":"https:\/\/api.w.org\/{rel}","templated":true}]}}