{"id":1416,"date":"2019-09-14T20:05:34","date_gmt":"2019-09-14T18:05:34","guid":{"rendered":"https:\/\/gsbernard.ch\/gsb\/?page_id=1416"},"modified":"2020-07-25T21:12:52","modified_gmt":"2020-07-25T19:12:52","slug":"l-hospitalite","status":"publish","type":"page","link":"https:\/\/gsbernard.ch\/gsb\/l-hospitalite","title":{"rendered":"L&rsquo; hospitalit\u00e9 mat\u00e9rielle"},"content":{"rendered":"<h3 style=\"text-align: center;\">\u00ab\u00a0Ici le Christ est nourri\u00a0\u00bb<\/h3>\n<div class=\"entry-content\"><span style=\"font-size: 12pt;\">L\u2019hospitalit\u00e9 est un acte proprement biblique, nombreuses sont les communaut\u00e9s dans l\u2019Eglise marqu\u00e9es par ce charisme. La Congr\u00e9gation du Grand Saint Bernard est depuis ses origines marqu\u00e9e par cet appel. Pendant longtemps les passants demandaient surtout une assistance mat\u00e9rielle, ceux-ci \u00e9tant oblig\u00e9s de passer par les cols de montagnes. Depuis la cr\u00e9ation des tunnels, l\u2019hospitalit\u00e9 est devenue plus spirituelle. La montagne est un lieu recherch\u00e9 et non plus redout\u00e9 par les voyageurs et passants.<\/span><\/div>\n<blockquote><p><span style=\"color: #993300;\">\u00ab Donner l\u2019hospitalit\u00e9 \u00e0 des hommes, ce n\u2019est pas seulement remplir des bouches et abriter des corps ! Ce n\u2019est l\u00e0 qu\u2019un aspect de l\u2019hospitalit\u00e9. S\u2019y arr\u00eater serait inhumain. Accueillir des hommes, c\u2019est ouvrir son coeur \u00e0 toutes leurs mis\u00e8res, c\u2019est pr\u00eater l\u2019oreille \u00e0 tous leurs cris de d\u00e9tresse, leur \u00eatre secourable dans toutes les temp\u00eates\u2026 \u00bb\u00a0 \u00a0 \u00a0\u00a0<span style=\"font-size: 10pt;\">Gratien Volluz<\/span><\/span><\/p><\/blockquote>\n<p>Chacun est porteur du Christ, nous ne demandons ni papiers, ni passeports ni identit\u00e9. D\u2019ailleurs pendant des si\u00e8cles, l\u2019accueil \u00e9tait gratuit. Aujourd\u2019hui nous demandons une participation aux frais bien moindre que celle demand\u00e9e dans les autres cabanes ou refuges.<br \/>\nL\u2019hospitalit\u00e9 se vit \u00e9galement dans les paroisses d\u2019une autre mani\u00e8re. Actuellement la paroisse de Martigny s\u2019engage particuli\u00e8rement dans l\u2019accueil des personnes r\u00e9fugi\u00e9es.<br \/>\nNotre appel tient sa source de l\u2019Evangile.<br \/>\nNous pensons souvent \u00e0 cette Parole\u00a0 :<br \/>\n\u00ab\u00a0Amen, je vous le dis : chaque fois que vous l\u2019avez fait \u00e0 l\u2019un de ces plus petits de mes fr\u00e8res, c\u2019est \u00e0 moi que vous l\u2019avez fait \u00ab\u00a0\u00bb Mathieu 25, 40.<\/p>\n<p>Le passage des compagnons d\u2019Emma\u00fcs est aussi particuli\u00e8rement \u00e9clairant. C\u2019est au moment m\u00eame o\u00f9 ses disciples accueillent le Christ chez eux qu\u2019il se fait pleinement reconna\u00eetre.<br \/>\nSaint Augustin commente ainsi cette Parole :\u00a0\u00bb<span style=\"color: #993300;\"><em>L\u2019hospitalit\u00e9 leur a\u00a0 rendu ce que l\u2019incr\u00e9dulit\u00e9 leur avait fait\u00a0 perdre<\/em>\u00bb<\/span>\u00a0 Ce que l\u2019incr\u00e9dulit\u00e9 leur avait fait perdre, c\u2019\u00e9tait le Christ, c\u2019est-\u00e0-dire celui qui \u00e9tait pour eux la vie. Ce que l\u2019hospitalit\u00e9 leur fait retrouver,\u00a0 c\u2019est de nouveau le Christ.<\/p>\n<blockquote><p><span style=\"color: #993300;\">\u00ab\u00a0Pers\u00e9v\u00e9rez dans l\u2019amour fraternel. N\u2019oubliez pas l\u2019hospitalit\u00e9; car, en l\u2019exer\u00e7ant, quelques-uns ont log\u00e9 des anges, sans le savoir\u00a0\u00bb <span style=\"font-size: 10pt;\">H\u00e9breux, 13, 1-2<\/span><\/span><\/p><\/blockquote>\n<p><span style=\"font-family: 'book antiqua', palatino, serif;\">Reportage sur Fernand, au service de l\u2019hospitalit\u00e9 depuis de longues ann\u00e9es<\/span><\/p>\n<p><iframe loading=\"lazy\" src=\"https:\/\/www.youtube.com\/embed\/ACGRzqU5KoE?feature=oembed\" width=\"740\" height=\"416\" frameborder=\"0\" allowfullscreen=\"allowfullscreen\" data-mce-fragment=\"1\"><\/iframe><\/p>\n","protected":false},"excerpt":{"rendered":"<p>\u00ab\u00a0Ici le Christ est nourri\u00a0\u00bb L\u2019hospitalit\u00e9 est un acte proprement biblique, nombreuses sont les communaut\u00e9s dans l\u2019Eglise marqu\u00e9es par ce charisme. La Congr\u00e9gation du Grand Saint Bernard est depuis ses origines marqu\u00e9e par cet appel. Pendant longtemps les passants demandaient<\/p>\n","protected":false},"author":1,"featured_media":0,"parent":0,"menu_order":0,"comment_status":"closed","ping_status":"closed","template":"","meta":{"footnotes":""},"class_list":["post-1416","page","type-page","status-publish","hentry"],"_links":{"self":[{"href":"https:\/\/gsbernard.ch\/gsb\/wp-json\/wp\/v2\/pages\/1416","targetHints":{"allow":["GET"]}}],"collection":[{"href":"https:\/\/gsbernard.ch\/gsb\/wp-json\/wp\/v2\/pages"}],"about":[{"href":"https:\/\/gsbernard.ch\/gsb\/wp-json\/wp\/v2\/types\/page"}],"author":[{"embeddable":true,"href":"https:\/\/gsbernard.ch\/gsb\/wp-json\/wp\/v2\/users\/1"}],"replies":[{"embeddable":true,"href":"https:\/\/gsbernard.ch\/gsb\/wp-json\/wp\/v2\/comments?post=1416"}],"version-history":[{"count":13,"href":"https:\/\/gsbernard.ch\/gsb\/wp-json\/wp\/v2\/pages\/1416\/revisions"}],"predecessor-version":[{"id":2960,"href":"https:\/\/gsbernard.ch\/gsb\/wp-json\/wp\/v2\/pages\/1416\/revisions\/2960"}],"wp:attachment":[{"href":"https:\/\/gsbernard.ch\/gsb\/wp-json\/wp\/v2\/media?parent=1416"}],"curies":[{"name":"wp","href":"https:\/\/api.w.org\/{rel}","templated":true}]}}