{"id":122,"date":"2019-02-06T12:48:10","date_gmt":"2019-02-06T11:48:10","guid":{"rendered":"https:\/\/gsbernard.ch\/gsb\/?page_id=122"},"modified":"2023-10-05T21:30:38","modified_gmt":"2023-10-05T19:30:38","slug":"73-2","status":"publish","type":"page","link":"https:\/\/gsbernard.ch\/gsb\/73-2","title":{"rendered":"Revue de la Congr\u00e9gation et de la Mission"},"content":{"rendered":"\n<p><\/p>\n\n\n\n<p><a href=\"https:\/\/gsbernard.ch\/gsb\/wp-content\/uploads\/2019\/02\/0329.jpg\"><img loading=\"lazy\" decoding=\"async\" class=\"wp-image-1219 size-medium alignright\" src=\"https:\/\/gsbernard.ch\/gsb\/wp-content\/uploads\/2019\/02\/0329-191x300.jpg\" alt=\"\" width=\"191\" height=\"300\" srcset=\"https:\/\/gsbernard.ch\/gsb\/wp-content\/uploads\/2019\/02\/0329-191x300.jpg 191w, https:\/\/gsbernard.ch\/gsb\/wp-content\/uploads\/2019\/02\/0329.jpg 653w\" sizes=\"auto, (max-width: 191px) 100vw, 191px\" \/><\/a> Soucieux de donner des nouvelles de leurs missionnaires partis aux fronti\u00e8res de la Chine et du Tibet, les chanoines du Grand-Saint-Bernard fondent en 1946 une revue missionnaire appel\u00e9e \u00ab\u00a0<strong>Grand-Saint-Bernard &#8211; Thibet<\/strong>\u00a0\u00bb dont le premier responsable est le chanoine Pierre-Marie Melly, Procureur de la Mission. Le premier article est sign\u00e9 par le chanoine Jules Detry, chef de l&rsquo;exp\u00e9dition qui partira au Tibet \u00e0 la fin 1946 avec les chanoines Louis Emery, Fran\u00e7ois Fournier et Alphonse Savioz.<\/p>\n\n\n\n<p><strong>&nbsp;\u00ab\u00a0Mission du Grand-Saint-Bernard\u00a0\u00bb depuis 1962<\/strong><\/p>\n\n\n\n<p>A la suite de l&rsquo;invasion communiste en Chine et au Tibet, les chanoines du Saint-Bernard &#8211; comme tous les autres missionnaires &#8211; sont expuls\u00e9s de ces territoires. Ils vont alors s&rsquo;installer \u00e0 Ta\u00efwan. La revue va suivre les missionnaires dans leur nouveau territoire et changer son nom; elle s&rsquo;intitule d\u00e9sormais \u00ab\u00a0<strong>Mission du Gd St Bernard<\/strong>\u00ab\u00a0. Le chanoine Pierre-Marie Melly, premier r\u00e9dacteur en chef de la Revue, c\u00e8de sa place au chanoine Philippe Lovey, puis au chanoine Ren\u00e9-Meinrad Kaelin qui assume actuellement cette fonction. Depuis l&rsquo;an 2&rsquo;000, la revue refl\u00e8te aussi la vie de la Congr\u00e9gation &#8211; vie actuelle et histoire &#8211; de mani\u00e8re plus r\u00e9guli\u00e8re qu&rsquo;auparavant. Quelques hom\u00e9lies de nos f\u00eates patronales, po\u00e8mes et articles de spiritualit\u00e9 nous invitent \u00e0 int\u00e9rioriser notre relation avec J\u00e9sus le Sauveur. Les personnes d\u00e9sireuses de conna\u00eetre notre mission \u00e0 Ta\u00efwan et la Congr\u00e9gation des chanoines du Grand-Saint-Bernard peuvent s&rsquo;abonner \u00e0 la Revue aux conditions suivantes:<\/p>\n\n\n\n<p><strong>Conditions d&rsquo;abonnement<\/strong><\/p>\n\n\n\n<p>&#8211; Trois num\u00e9ros par ann\u00e9e en janvier, mai et octobre. &#8211; Prix minimal de 15.- CHF \u00e0 verser au CCP Missions 19-5515-6<\/p>\n\n\n\n<p><strong>Adresse de contact <\/strong><\/p>\n\n\n\n<p>Chanoine Ren\u00e9-Meinrad Kaelin, Place de l&rsquo;\u00e9glise 1 &#8211; CH &#8211; 1937 ORSIERES&nbsp; &nbsp; rmk@gsbernard.ch<\/p>\n\n\n<p style=\"text-align: center;\"><strong><span style=\"color: #ff0000; background-color: #ffffff;\"><span style=\"text-decoration: underline; font-size: 14pt; font-family: verdana, geneva, sans-serif; background-color: #ffffff;\"><a style=\"color: #ff0000; text-decoration: underline; background-color: #ffffff;\" href=\"https:\/\/gsbernard.ch\/revue\/1946-1959.php\" target=\"_blank\" rel=\"noopener noreferrer\" data-wplink-edit=\"true\">Lire la Revue\u00a0 de la Congr\u00e9gation<\/a><\/span><\/span><\/strong><\/p>","protected":false},"excerpt":{"rendered":"<p>Soucieux de donner des nouvelles de leurs missionnaires partis aux fronti\u00e8res de la Chine et du Tibet, les chanoines du Grand-Saint-Bernard fondent en 1946 une revue missionnaire appel\u00e9e \u00ab\u00a0Grand-Saint-Bernard &#8211; Thibet\u00a0\u00bb dont le premier responsable est le chanoine Pierre-Marie Melly,<\/p>\n","protected":false},"author":1,"featured_media":0,"parent":0,"menu_order":0,"comment_status":"closed","ping_status":"closed","template":"","meta":{"footnotes":""},"class_list":["post-122","page","type-page","status-publish","hentry"],"_links":{"self":[{"href":"https:\/\/gsbernard.ch\/gsb\/wp-json\/wp\/v2\/pages\/122","targetHints":{"allow":["GET"]}}],"collection":[{"href":"https:\/\/gsbernard.ch\/gsb\/wp-json\/wp\/v2\/pages"}],"about":[{"href":"https:\/\/gsbernard.ch\/gsb\/wp-json\/wp\/v2\/types\/page"}],"author":[{"embeddable":true,"href":"https:\/\/gsbernard.ch\/gsb\/wp-json\/wp\/v2\/users\/1"}],"replies":[{"embeddable":true,"href":"https:\/\/gsbernard.ch\/gsb\/wp-json\/wp\/v2\/comments?post=122"}],"version-history":[{"count":49,"href":"https:\/\/gsbernard.ch\/gsb\/wp-json\/wp\/v2\/pages\/122\/revisions"}],"predecessor-version":[{"id":3438,"href":"https:\/\/gsbernard.ch\/gsb\/wp-json\/wp\/v2\/pages\/122\/revisions\/3438"}],"wp:attachment":[{"href":"https:\/\/gsbernard.ch\/gsb\/wp-json\/wp\/v2\/media?parent=122"}],"curies":[{"name":"wp","href":"https:\/\/api.w.org\/{rel}","templated":true}]}}