{"id":117,"date":"2019-02-06T12:46:06","date_gmt":"2019-02-06T11:46:06","guid":{"rendered":"https:\/\/gsbernard.ch\/gsb\/?page_id=117"},"modified":"2023-10-26T16:47:23","modified_gmt":"2023-10-26T14:47:23","slug":"120-2","status":"publish","type":"page","link":"https:\/\/gsbernard.ch\/gsb\/120-2","title":{"rendered":"La mission aujourd&rsquo;hui"},"content":{"rendered":"<p>A ce jour, deux chanoines oeuvrent \u00e0 Ta\u00efwan, les P\u00e8res Gabriel D\u00e9l\u00e8ze,\u00a0 et Jean-Claude Fournier, que l&rsquo;on peut contacter \u00e0 l&rsquo;adresse: Catholic Church, Po-Ai-Lu 64, 971 Hsincheng (Hualien) TAIWAN R.O.C.<\/p>\n<p><a href=\"https:\/\/gsbernard.ch\/gsb\/73-2\"><strong>Lire la Revue missionnaire<\/strong><\/a><\/p>\n<h2 style=\"text-align: center;\"><em>Hommage photographique rendu au Chanoine Charles Reichenbach, <\/em><\/h2>\n<p style=\"text-align: center;\"><em>d\u00e9c\u00e9d\u00e9 le 30 d\u00e9cembre 2021.<\/em><\/p>\n<p style=\"text-align: center;\"><em><a href=\"https:\/\/gsbernard.ch\/gsb\/wp-content\/uploads\/2019\/10\/01.jpg\"><img loading=\"lazy\" decoding=\"async\" class=\"alignnone wp-image-1635 size-medium\" src=\"https:\/\/gsbernard.ch\/gsb\/wp-content\/uploads\/2019\/10\/01-206x300.jpg\" alt=\"\" width=\"206\" height=\"300\" srcset=\"https:\/\/gsbernard.ch\/gsb\/wp-content\/uploads\/2019\/10\/01-206x300.jpg 206w, https:\/\/gsbernard.ch\/gsb\/wp-content\/uploads\/2019\/10\/01-768x1117.jpg 768w, https:\/\/gsbernard.ch\/gsb\/wp-content\/uploads\/2019\/10\/01-704x1024.jpg 704w\" sizes=\"auto, (max-width: 206px) 100vw, 206px\" \/><\/a> <a href=\"https:\/\/gsbernard.ch\/gsb\/wp-content\/uploads\/2019\/10\/02.jpg\"><img loading=\"lazy\" decoding=\"async\" class=\"alignnone wp-image-1636 size-medium\" src=\"https:\/\/gsbernard.ch\/gsb\/wp-content\/uploads\/2019\/10\/02-187x300.jpg\" alt=\"\" width=\"187\" height=\"300\" srcset=\"https:\/\/gsbernard.ch\/gsb\/wp-content\/uploads\/2019\/10\/02-187x300.jpg 187w, https:\/\/gsbernard.ch\/gsb\/wp-content\/uploads\/2019\/10\/02-768x1235.jpg 768w, https:\/\/gsbernard.ch\/gsb\/wp-content\/uploads\/2019\/10\/02-637x1024.jpg 637w\" sizes=\"auto, (max-width: 187px) 100vw, 187px\" \/><\/a> <a href=\"https:\/\/gsbernard.ch\/gsb\/wp-content\/uploads\/2019\/10\/03.jpg\"><img loading=\"lazy\" decoding=\"async\" class=\"alignnone wp-image-1637 size-medium\" src=\"https:\/\/gsbernard.ch\/gsb\/wp-content\/uploads\/2019\/10\/03-198x300.jpg\" alt=\"\" width=\"198\" height=\"300\" srcset=\"https:\/\/gsbernard.ch\/gsb\/wp-content\/uploads\/2019\/10\/03-198x300.jpg 198w, https:\/\/gsbernard.ch\/gsb\/wp-content\/uploads\/2019\/10\/03-768x1165.jpg 768w, https:\/\/gsbernard.ch\/gsb\/wp-content\/uploads\/2019\/10\/03-675x1024.jpg 675w\" sizes=\"auto, (max-width: 198px) 100vw, 198px\" \/><\/a> <a href=\"https:\/\/gsbernard.ch\/gsb\/wp-content\/uploads\/2019\/10\/04.jpg\"><img loading=\"lazy\" decoding=\"async\" class=\"alignnone wp-image-1638 size-medium\" src=\"https:\/\/gsbernard.ch\/gsb\/wp-content\/uploads\/2019\/10\/04-198x300.jpg\" alt=\"\" width=\"198\" height=\"300\" srcset=\"https:\/\/gsbernard.ch\/gsb\/wp-content\/uploads\/2019\/10\/04-198x300.jpg 198w, https:\/\/gsbernard.ch\/gsb\/wp-content\/uploads\/2019\/10\/04-768x1164.jpg 768w, https:\/\/gsbernard.ch\/gsb\/wp-content\/uploads\/2019\/10\/04-675x1024.jpg 675w\" sizes=\"auto, (max-width: 198px) 100vw, 198px\" \/><\/a> <a href=\"https:\/\/gsbernard.ch\/gsb\/wp-content\/uploads\/2019\/10\/05.jpg\"><img loading=\"lazy\" decoding=\"async\" class=\"alignnone wp-image-1639 size-medium\" src=\"https:\/\/gsbernard.ch\/gsb\/wp-content\/uploads\/2019\/10\/05-198x300.jpg\" alt=\"\" width=\"198\" height=\"300\" srcset=\"https:\/\/gsbernard.ch\/gsb\/wp-content\/uploads\/2019\/10\/05-198x300.jpg 198w, https:\/\/gsbernard.ch\/gsb\/wp-content\/uploads\/2019\/10\/05-768x1164.jpg 768w, https:\/\/gsbernard.ch\/gsb\/wp-content\/uploads\/2019\/10\/05-675x1024.jpg 675w\" sizes=\"auto, (max-width: 198px) 100vw, 198px\" \/><\/a> <a href=\"https:\/\/gsbernard.ch\/gsb\/wp-content\/uploads\/2019\/10\/06.jpg\"><img loading=\"lazy\" decoding=\"async\" class=\"alignnone wp-image-1640 size-medium\" src=\"https:\/\/gsbernard.ch\/gsb\/wp-content\/uploads\/2019\/10\/06-200x300.jpg\" alt=\"\" width=\"200\" height=\"300\" srcset=\"https:\/\/gsbernard.ch\/gsb\/wp-content\/uploads\/2019\/10\/06-200x300.jpg 200w, https:\/\/gsbernard.ch\/gsb\/wp-content\/uploads\/2019\/10\/06-768x1150.jpg 768w, https:\/\/gsbernard.ch\/gsb\/wp-content\/uploads\/2019\/10\/06-684x1024.jpg 684w\" sizes=\"auto, (max-width: 200px) 100vw, 200px\" \/><\/a> <a href=\"https:\/\/gsbernard.ch\/gsb\/wp-content\/uploads\/2019\/10\/07.jpg\"><img loading=\"lazy\" decoding=\"async\" class=\"alignnone wp-image-1641 size-medium\" src=\"https:\/\/gsbernard.ch\/gsb\/wp-content\/uploads\/2019\/10\/07-195x300.jpg\" alt=\"\" width=\"195\" height=\"300\" srcset=\"https:\/\/gsbernard.ch\/gsb\/wp-content\/uploads\/2019\/10\/07-195x300.jpg 195w, https:\/\/gsbernard.ch\/gsb\/wp-content\/uploads\/2019\/10\/07-768x1184.jpg 768w, https:\/\/gsbernard.ch\/gsb\/wp-content\/uploads\/2019\/10\/07-664x1024.jpg 664w\" sizes=\"auto, (max-width: 195px) 100vw, 195px\" \/><\/a> <a href=\"https:\/\/gsbernard.ch\/gsb\/wp-content\/uploads\/2019\/10\/08.jpg\"><img loading=\"lazy\" decoding=\"async\" class=\"alignnone wp-image-1642 size-medium\" src=\"https:\/\/gsbernard.ch\/gsb\/wp-content\/uploads\/2019\/10\/08-196x300.jpg\" alt=\"\" width=\"196\" height=\"300\" srcset=\"https:\/\/gsbernard.ch\/gsb\/wp-content\/uploads\/2019\/10\/08-196x300.jpg 196w, https:\/\/gsbernard.ch\/gsb\/wp-content\/uploads\/2019\/10\/08-768x1176.jpg 768w, https:\/\/gsbernard.ch\/gsb\/wp-content\/uploads\/2019\/10\/08-669x1024.jpg 669w\" sizes=\"auto, (max-width: 196px) 100vw, 196px\" \/><\/a> <a href=\"https:\/\/gsbernard.ch\/gsb\/wp-content\/uploads\/2019\/10\/09.jpg\"><img loading=\"lazy\" decoding=\"async\" class=\"alignnone wp-image-1643 size-medium\" src=\"https:\/\/gsbernard.ch\/gsb\/wp-content\/uploads\/2019\/10\/09-197x300.jpg\" alt=\"\" width=\"197\" height=\"300\" srcset=\"https:\/\/gsbernard.ch\/gsb\/wp-content\/uploads\/2019\/10\/09-197x300.jpg 197w, https:\/\/gsbernard.ch\/gsb\/wp-content\/uploads\/2019\/10\/09-768x1171.jpg 768w, https:\/\/gsbernard.ch\/gsb\/wp-content\/uploads\/2019\/10\/09-672x1024.jpg 672w\" sizes=\"auto, (max-width: 197px) 100vw, 197px\" \/><\/a> \u00a0<a href=\"https:\/\/gsbernard.ch\/gsb\/wp-content\/uploads\/2019\/10\/10.jpg\"><img loading=\"lazy\" decoding=\"async\" class=\"alignnone wp-image-1644 size-medium\" src=\"https:\/\/gsbernard.ch\/gsb\/wp-content\/uploads\/2019\/10\/10-199x300.jpg\" alt=\"\" width=\"199\" height=\"300\" srcset=\"https:\/\/gsbernard.ch\/gsb\/wp-content\/uploads\/2019\/10\/10-199x300.jpg 199w, https:\/\/gsbernard.ch\/gsb\/wp-content\/uploads\/2019\/10\/10-768x1155.jpg 768w, https:\/\/gsbernard.ch\/gsb\/wp-content\/uploads\/2019\/10\/10-681x1024.jpg 681w\" sizes=\"auto, (max-width: 199px) 100vw, 199px\" \/>\u00a0<\/a> <a href=\"https:\/\/gsbernard.ch\/gsb\/wp-content\/uploads\/2019\/10\/11.jpg\"><img loading=\"lazy\" decoding=\"async\" class=\"alignnone wp-image-1645 size-medium\" src=\"https:\/\/gsbernard.ch\/gsb\/wp-content\/uploads\/2019\/10\/11-199x300.jpg\" alt=\"\" width=\"199\" height=\"300\" srcset=\"https:\/\/gsbernard.ch\/gsb\/wp-content\/uploads\/2019\/10\/11-199x300.jpg 199w, https:\/\/gsbernard.ch\/gsb\/wp-content\/uploads\/2019\/10\/11-768x1160.jpg 768w, https:\/\/gsbernard.ch\/gsb\/wp-content\/uploads\/2019\/10\/11-678x1024.jpg 678w\" sizes=\"auto, (max-width: 199px) 100vw, 199px\" \/>\u00a0\u00a0<\/a> <a href=\"https:\/\/gsbernard.ch\/gsb\/wp-content\/uploads\/2019\/10\/12.jpg\"><img loading=\"lazy\" decoding=\"async\" class=\"alignnone wp-image-1646 size-medium\" src=\"https:\/\/gsbernard.ch\/gsb\/wp-content\/uploads\/2019\/10\/12-196x300.jpg\" alt=\"\" width=\"196\" height=\"300\" srcset=\"https:\/\/gsbernard.ch\/gsb\/wp-content\/uploads\/2019\/10\/12-196x300.jpg 196w, https:\/\/gsbernard.ch\/gsb\/wp-content\/uploads\/2019\/10\/12-768x1173.jpg 768w, https:\/\/gsbernard.ch\/gsb\/wp-content\/uploads\/2019\/10\/12-670x1024.jpg 670w\" sizes=\"auto, (max-width: 196px) 100vw, 196px\" \/>\u00a0<\/a> <a href=\"https:\/\/gsbernard.ch\/gsb\/wp-content\/uploads\/2019\/10\/13.jpg\">\u00a0<img loading=\"lazy\" decoding=\"async\" class=\"alignnone wp-image-1647 size-medium\" src=\"https:\/\/gsbernard.ch\/gsb\/wp-content\/uploads\/2019\/10\/13-196x300.jpg\" alt=\"\" width=\"196\" height=\"300\" srcset=\"https:\/\/gsbernard.ch\/gsb\/wp-content\/uploads\/2019\/10\/13-196x300.jpg 196w, https:\/\/gsbernard.ch\/gsb\/wp-content\/uploads\/2019\/10\/13-768x1173.jpg 768w, https:\/\/gsbernard.ch\/gsb\/wp-content\/uploads\/2019\/10\/13-670x1024.jpg 670w\" sizes=\"auto, (max-width: 196px) 100vw, 196px\" \/><\/a> <a href=\"https:\/\/gsbernard.ch\/gsb\/wp-content\/uploads\/2019\/10\/14.jpg\"><img loading=\"lazy\" decoding=\"async\" class=\"alignnone wp-image-1648 size-medium\" src=\"https:\/\/gsbernard.ch\/gsb\/wp-content\/uploads\/2019\/10\/14-197x300.jpg\" alt=\"\" width=\"197\" height=\"300\" srcset=\"https:\/\/gsbernard.ch\/gsb\/wp-content\/uploads\/2019\/10\/14-197x300.jpg 197w, https:\/\/gsbernard.ch\/gsb\/wp-content\/uploads\/2019\/10\/14-768x1172.jpg 768w, https:\/\/gsbernard.ch\/gsb\/wp-content\/uploads\/2019\/10\/14-671x1024.jpg 671w\" sizes=\"auto, (max-width: 197px) 100vw, 197px\" \/><\/a> <a href=\"https:\/\/gsbernard.ch\/gsb\/wp-content\/uploads\/2019\/10\/15.jpg\"><img loading=\"lazy\" decoding=\"async\" class=\"alignnone wp-image-1649 size-medium\" src=\"https:\/\/gsbernard.ch\/gsb\/wp-content\/uploads\/2019\/10\/15-190x300.jpg\" alt=\"\" width=\"190\" height=\"300\" srcset=\"https:\/\/gsbernard.ch\/gsb\/wp-content\/uploads\/2019\/10\/15-190x300.jpg 190w, https:\/\/gsbernard.ch\/gsb\/wp-content\/uploads\/2019\/10\/15-768x1212.jpg 768w, https:\/\/gsbernard.ch\/gsb\/wp-content\/uploads\/2019\/10\/15-649x1024.jpg 649w\" sizes=\"auto, (max-width: 190px) 100vw, 190px\" \/><\/a>\u00a0 <a href=\"https:\/\/gsbernard.ch\/gsb\/wp-content\/uploads\/2019\/10\/16.jpg\">\u00a0<img loading=\"lazy\" decoding=\"async\" class=\"alignnone size-medium wp-image-1652\" src=\"https:\/\/gsbernard.ch\/gsb\/wp-content\/uploads\/2019\/10\/16-200x300.jpg\" alt=\"\" width=\"200\" height=\"300\" srcset=\"https:\/\/gsbernard.ch\/gsb\/wp-content\/uploads\/2019\/10\/16-200x300.jpg 200w, https:\/\/gsbernard.ch\/gsb\/wp-content\/uploads\/2019\/10\/16-768x1151.jpg 768w, https:\/\/gsbernard.ch\/gsb\/wp-content\/uploads\/2019\/10\/16-683x1024.jpg 683w\" sizes=\"auto, (max-width: 200px) 100vw, 200px\" \/> \u00a0<\/a> \u00a0<a href=\"https:\/\/gsbernard.ch\/gsb\/wp-content\/uploads\/2019\/10\/18.jpg\"><img loading=\"lazy\" decoding=\"async\" class=\"alignnone wp-image-1654 size-medium\" src=\"https:\/\/gsbernard.ch\/gsb\/wp-content\/uploads\/2019\/10\/18-195x300.jpg\" alt=\"\" width=\"195\" height=\"300\" srcset=\"https:\/\/gsbernard.ch\/gsb\/wp-content\/uploads\/2019\/10\/18-195x300.jpg 195w, https:\/\/gsbernard.ch\/gsb\/wp-content\/uploads\/2019\/10\/18-768x1181.jpg 768w, https:\/\/gsbernard.ch\/gsb\/wp-content\/uploads\/2019\/10\/18-666x1024.jpg 666w\" sizes=\"auto, (max-width: 195px) 100vw, 195px\" \/><\/a> \u00a0<a href=\"https:\/\/gsbernard.ch\/gsb\/wp-content\/uploads\/2019\/10\/19.jpg\"><img loading=\"lazy\" decoding=\"async\" class=\"alignnone wp-image-1655 size-medium\" src=\"https:\/\/gsbernard.ch\/gsb\/wp-content\/uploads\/2019\/10\/19-185x300.jpg\" alt=\"\" width=\"185\" height=\"300\" srcset=\"https:\/\/gsbernard.ch\/gsb\/wp-content\/uploads\/2019\/10\/19-185x300.jpg 185w, https:\/\/gsbernard.ch\/gsb\/wp-content\/uploads\/2019\/10\/19-768x1245.jpg 768w, https:\/\/gsbernard.ch\/gsb\/wp-content\/uploads\/2019\/10\/19-632x1024.jpg 632w\" sizes=\"auto, (max-width: 185px) 100vw, 185px\" \/><\/a> \u00a0<a href=\"https:\/\/gsbernard.ch\/gsb\/wp-content\/uploads\/2019\/10\/20.jpg\"><img loading=\"lazy\" decoding=\"async\" class=\"alignnone wp-image-1656 size-medium\" src=\"https:\/\/gsbernard.ch\/gsb\/wp-content\/uploads\/2019\/10\/20-200x300.jpg\" alt=\"\" width=\"200\" height=\"300\" srcset=\"https:\/\/gsbernard.ch\/gsb\/wp-content\/uploads\/2019\/10\/20-200x300.jpg 200w, https:\/\/gsbernard.ch\/gsb\/wp-content\/uploads\/2019\/10\/20-768x1155.jpg 768w, https:\/\/gsbernard.ch\/gsb\/wp-content\/uploads\/2019\/10\/20-681x1024.jpg 681w\" sizes=\"auto, (max-width: 200px) 100vw, 200px\" \/><\/a> \u00a0<a href=\"https:\/\/gsbernard.ch\/gsb\/wp-content\/uploads\/2019\/10\/21.jpg\"><img loading=\"lazy\" decoding=\"async\" class=\"alignnone wp-image-1657 size-medium\" src=\"https:\/\/gsbernard.ch\/gsb\/wp-content\/uploads\/2019\/10\/21-193x300.jpg\" alt=\"\" width=\"193\" height=\"300\" srcset=\"https:\/\/gsbernard.ch\/gsb\/wp-content\/uploads\/2019\/10\/21-193x300.jpg 193w, https:\/\/gsbernard.ch\/gsb\/wp-content\/uploads\/2019\/10\/21-768x1193.jpg 768w, https:\/\/gsbernard.ch\/gsb\/wp-content\/uploads\/2019\/10\/21-659x1024.jpg 659w\" sizes=\"auto, (max-width: 193px) 100vw, 193px\" \/><\/a> <a href=\"https:\/\/gsbernard.ch\/gsb\/wp-content\/uploads\/2019\/10\/22.jpg\"><img loading=\"lazy\" decoding=\"async\" class=\"alignnone wp-image-1658 size-medium\" src=\"https:\/\/gsbernard.ch\/gsb\/wp-content\/uploads\/2019\/10\/22-186x300.jpg\" alt=\"\" width=\"186\" height=\"300\" srcset=\"https:\/\/gsbernard.ch\/gsb\/wp-content\/uploads\/2019\/10\/22-186x300.jpg 186w, https:\/\/gsbernard.ch\/gsb\/wp-content\/uploads\/2019\/10\/22-768x1240.jpg 768w, https:\/\/gsbernard.ch\/gsb\/wp-content\/uploads\/2019\/10\/22-634x1024.jpg 634w\" sizes=\"auto, (max-width: 186px) 100vw, 186px\" \/><\/a> <a href=\"https:\/\/gsbernard.ch\/gsb\/wp-content\/uploads\/2019\/10\/23.jpg\"><img loading=\"lazy\" decoding=\"async\" class=\"alignnone wp-image-1659 size-medium\" src=\"https:\/\/gsbernard.ch\/gsb\/wp-content\/uploads\/2019\/10\/23-185x300.jpg\" alt=\"\" width=\"185\" height=\"300\" srcset=\"https:\/\/gsbernard.ch\/gsb\/wp-content\/uploads\/2019\/10\/23-185x300.jpg 185w, https:\/\/gsbernard.ch\/gsb\/wp-content\/uploads\/2019\/10\/23-768x1247.jpg 768w, https:\/\/gsbernard.ch\/gsb\/wp-content\/uploads\/2019\/10\/23-631x1024.jpg 631w, https:\/\/gsbernard.ch\/gsb\/wp-content\/uploads\/2019\/10\/23.jpg 1993w\" sizes=\"auto, (max-width: 185px) 100vw, 185px\" \/><\/a><\/em><\/p>\n<hr \/>\n<h2 style=\"text-align: center;\"><em>Reportage sur le Chanoine Jean-Claude Fournier, missionnaire \u00e0 Hualien<\/em><\/h2>\n<p><img loading=\"lazy\" decoding=\"async\" class=\"aligncenter wp-image-880 size-full\" src=\"https:\/\/gsbernard.ch\/gsb\/wp-content\/uploads\/2019\/02\/11.jpg\" alt=\"\" width=\"1000\" height=\"282\" srcset=\"https:\/\/gsbernard.ch\/gsb\/wp-content\/uploads\/2019\/02\/11.jpg 1000w, https:\/\/gsbernard.ch\/gsb\/wp-content\/uploads\/2019\/02\/11-300x85.jpg 300w, https:\/\/gsbernard.ch\/gsb\/wp-content\/uploads\/2019\/02\/11-768x217.jpg 768w\" sizes=\"auto, (max-width: 1000px) 100vw, 1000px\" \/><\/p>\n<p><img loading=\"lazy\" decoding=\"async\" class=\"aligncenter wp-image-870 size-full\" src=\"https:\/\/gsbernard.ch\/gsb\/wp-content\/uploads\/2019\/02\/01.jpg\" alt=\"\" width=\"1000\" height=\"1400\" srcset=\"https:\/\/gsbernard.ch\/gsb\/wp-content\/uploads\/2019\/02\/01.jpg 1000w, https:\/\/gsbernard.ch\/gsb\/wp-content\/uploads\/2019\/02\/01-214x300.jpg 214w, https:\/\/gsbernard.ch\/gsb\/wp-content\/uploads\/2019\/02\/01-768x1075.jpg 768w, https:\/\/gsbernard.ch\/gsb\/wp-content\/uploads\/2019\/02\/01-731x1024.jpg 731w\" sizes=\"auto, (max-width: 1000px) 100vw, 1000px\" \/><\/p>\n<p><img loading=\"lazy\" decoding=\"async\" class=\"aligncenter wp-image-871 size-full\" src=\"https:\/\/gsbernard.ch\/gsb\/wp-content\/uploads\/2019\/02\/02.jpg\" alt=\"\" width=\"1000\" height=\"1400\" srcset=\"https:\/\/gsbernard.ch\/gsb\/wp-content\/uploads\/2019\/02\/02.jpg 1000w, https:\/\/gsbernard.ch\/gsb\/wp-content\/uploads\/2019\/02\/02-214x300.jpg 214w, https:\/\/gsbernard.ch\/gsb\/wp-content\/uploads\/2019\/02\/02-768x1075.jpg 768w, https:\/\/gsbernard.ch\/gsb\/wp-content\/uploads\/2019\/02\/02-731x1024.jpg 731w\" sizes=\"auto, (max-width: 1000px) 100vw, 1000px\" \/><\/p>\n<p><img loading=\"lazy\" decoding=\"async\" class=\"aligncenter wp-image-872 size-large\" src=\"https:\/\/gsbernard.ch\/gsb\/wp-content\/uploads\/2019\/02\/03-731x1024.jpg\" alt=\"\" width=\"731\" height=\"1024\" srcset=\"https:\/\/gsbernard.ch\/gsb\/wp-content\/uploads\/2019\/02\/03-731x1024.jpg 731w, https:\/\/gsbernard.ch\/gsb\/wp-content\/uploads\/2019\/02\/03-214x300.jpg 214w, https:\/\/gsbernard.ch\/gsb\/wp-content\/uploads\/2019\/02\/03-768x1075.jpg 768w, https:\/\/gsbernard.ch\/gsb\/wp-content\/uploads\/2019\/02\/03.jpg 1000w\" sizes=\"auto, (max-width: 731px) 100vw, 731px\" \/><\/p>\n<p><img loading=\"lazy\" decoding=\"async\" class=\"aligncenter wp-image-873 size-full\" src=\"https:\/\/gsbernard.ch\/gsb\/wp-content\/uploads\/2019\/02\/04.jpg\" alt=\"\" width=\"1000\" height=\"1400\" srcset=\"https:\/\/gsbernard.ch\/gsb\/wp-content\/uploads\/2019\/02\/04.jpg 1000w, https:\/\/gsbernard.ch\/gsb\/wp-content\/uploads\/2019\/02\/04-214x300.jpg 214w, https:\/\/gsbernard.ch\/gsb\/wp-content\/uploads\/2019\/02\/04-768x1075.jpg 768w, https:\/\/gsbernard.ch\/gsb\/wp-content\/uploads\/2019\/02\/04-731x1024.jpg 731w\" sizes=\"auto, (max-width: 1000px) 100vw, 1000px\" \/><\/p>\n<p><img loading=\"lazy\" decoding=\"async\" class=\"aligncenter wp-image-874 size-large\" src=\"https:\/\/gsbernard.ch\/gsb\/wp-content\/uploads\/2019\/02\/05-731x1024.jpg\" alt=\"\" width=\"731\" height=\"1024\" srcset=\"https:\/\/gsbernard.ch\/gsb\/wp-content\/uploads\/2019\/02\/05-731x1024.jpg 731w, https:\/\/gsbernard.ch\/gsb\/wp-content\/uploads\/2019\/02\/05-214x300.jpg 214w, https:\/\/gsbernard.ch\/gsb\/wp-content\/uploads\/2019\/02\/05-768x1075.jpg 768w, https:\/\/gsbernard.ch\/gsb\/wp-content\/uploads\/2019\/02\/05.jpg 1000w\" sizes=\"auto, (max-width: 731px) 100vw, 731px\" \/><\/p>\n<p><img loading=\"lazy\" decoding=\"async\" class=\"aligncenter wp-image-875 size-full\" src=\"https:\/\/gsbernard.ch\/gsb\/wp-content\/uploads\/2019\/02\/06.jpg\" alt=\"\" width=\"1000\" height=\"1400\" srcset=\"https:\/\/gsbernard.ch\/gsb\/wp-content\/uploads\/2019\/02\/06.jpg 1000w, https:\/\/gsbernard.ch\/gsb\/wp-content\/uploads\/2019\/02\/06-214x300.jpg 214w, https:\/\/gsbernard.ch\/gsb\/wp-content\/uploads\/2019\/02\/06-768x1075.jpg 768w, https:\/\/gsbernard.ch\/gsb\/wp-content\/uploads\/2019\/02\/06-731x1024.jpg 731w\" sizes=\"auto, (max-width: 1000px) 100vw, 1000px\" \/><\/p>\n<p><img loading=\"lazy\" decoding=\"async\" class=\"aligncenter wp-image-876 size-full\" src=\"https:\/\/gsbernard.ch\/gsb\/wp-content\/uploads\/2019\/02\/07.jpg\" alt=\"\" width=\"1000\" height=\"1400\" srcset=\"https:\/\/gsbernard.ch\/gsb\/wp-content\/uploads\/2019\/02\/07.jpg 1000w, https:\/\/gsbernard.ch\/gsb\/wp-content\/uploads\/2019\/02\/07-214x300.jpg 214w, https:\/\/gsbernard.ch\/gsb\/wp-content\/uploads\/2019\/02\/07-768x1075.jpg 768w, https:\/\/gsbernard.ch\/gsb\/wp-content\/uploads\/2019\/02\/07-731x1024.jpg 731w\" sizes=\"auto, (max-width: 1000px) 100vw, 1000px\" \/><\/p>\n<p><img loading=\"lazy\" decoding=\"async\" class=\"aligncenter wp-image-877 size-full\" src=\"https:\/\/gsbernard.ch\/gsb\/wp-content\/uploads\/2019\/02\/08.jpg\" alt=\"\" width=\"1000\" height=\"1400\" srcset=\"https:\/\/gsbernard.ch\/gsb\/wp-content\/uploads\/2019\/02\/08.jpg 1000w, https:\/\/gsbernard.ch\/gsb\/wp-content\/uploads\/2019\/02\/08-214x300.jpg 214w, https:\/\/gsbernard.ch\/gsb\/wp-content\/uploads\/2019\/02\/08-768x1075.jpg 768w, https:\/\/gsbernard.ch\/gsb\/wp-content\/uploads\/2019\/02\/08-731x1024.jpg 731w\" sizes=\"auto, (max-width: 1000px) 100vw, 1000px\" \/><\/p>\n<p><img loading=\"lazy\" decoding=\"async\" class=\"aligncenter wp-image-878 size-full\" src=\"https:\/\/gsbernard.ch\/gsb\/wp-content\/uploads\/2019\/02\/09.jpg\" alt=\"\" width=\"1000\" height=\"1400\" srcset=\"https:\/\/gsbernard.ch\/gsb\/wp-content\/uploads\/2019\/02\/09.jpg 1000w, https:\/\/gsbernard.ch\/gsb\/wp-content\/uploads\/2019\/02\/09-214x300.jpg 214w, https:\/\/gsbernard.ch\/gsb\/wp-content\/uploads\/2019\/02\/09-768x1075.jpg 768w, https:\/\/gsbernard.ch\/gsb\/wp-content\/uploads\/2019\/02\/09-731x1024.jpg 731w\" sizes=\"auto, (max-width: 1000px) 100vw, 1000px\" \/><\/p>\n<p><img loading=\"lazy\" decoding=\"async\" class=\"aligncenter wp-image-879 size-full\" src=\"https:\/\/gsbernard.ch\/gsb\/wp-content\/uploads\/2019\/02\/10.jpg\" alt=\"\" width=\"1000\" height=\"1400\" srcset=\"https:\/\/gsbernard.ch\/gsb\/wp-content\/uploads\/2019\/02\/10.jpg 1000w, https:\/\/gsbernard.ch\/gsb\/wp-content\/uploads\/2019\/02\/10-214x300.jpg 214w, https:\/\/gsbernard.ch\/gsb\/wp-content\/uploads\/2019\/02\/10-768x1075.jpg 768w, https:\/\/gsbernard.ch\/gsb\/wp-content\/uploads\/2019\/02\/10-731x1024.jpg 731w\" sizes=\"auto, (max-width: 1000px) 100vw, 1000px\" \/><\/p>\n","protected":false},"excerpt":{"rendered":"<p>A ce jour, deux chanoines oeuvrent \u00e0 Ta\u00efwan, les P\u00e8res Gabriel D\u00e9l\u00e8ze,\u00a0 et Jean-Claude Fournier, que l&rsquo;on peut contacter \u00e0 l&rsquo;adresse: Catholic Church, Po-Ai-Lu 64, 971 Hsincheng (Hualien) TAIWAN R.O.C. Lire la Revue missionnaire Hommage photographique rendu au Chanoine Charles<\/p>\n","protected":false},"author":1,"featured_media":0,"parent":0,"menu_order":0,"comment_status":"closed","ping_status":"closed","template":"","meta":{"footnotes":""},"class_list":["post-117","page","type-page","status-publish","hentry"],"_links":{"self":[{"href":"https:\/\/gsbernard.ch\/gsb\/wp-json\/wp\/v2\/pages\/117","targetHints":{"allow":["GET"]}}],"collection":[{"href":"https:\/\/gsbernard.ch\/gsb\/wp-json\/wp\/v2\/pages"}],"about":[{"href":"https:\/\/gsbernard.ch\/gsb\/wp-json\/wp\/v2\/types\/page"}],"author":[{"embeddable":true,"href":"https:\/\/gsbernard.ch\/gsb\/wp-json\/wp\/v2\/users\/1"}],"replies":[{"embeddable":true,"href":"https:\/\/gsbernard.ch\/gsb\/wp-json\/wp\/v2\/comments?post=117"}],"version-history":[{"count":18,"href":"https:\/\/gsbernard.ch\/gsb\/wp-json\/wp\/v2\/pages\/117\/revisions"}],"predecessor-version":[{"id":3443,"href":"https:\/\/gsbernard.ch\/gsb\/wp-json\/wp\/v2\/pages\/117\/revisions\/3443"}],"wp:attachment":[{"href":"https:\/\/gsbernard.ch\/gsb\/wp-json\/wp\/v2\/media?parent=117"}],"curies":[{"name":"wp","href":"https:\/\/api.w.org\/{rel}","templated":true}]}}