{"id":102,"date":"2019-02-06T12:32:05","date_gmt":"2019-02-06T11:32:05","guid":{"rendered":"https:\/\/gsbernard.ch\/gsb\/?page_id=102"},"modified":"2020-07-11T11:39:18","modified_gmt":"2020-07-11T09:39:18","slug":"44-2","status":"publish","type":"page","link":"https:\/\/gsbernard.ch\/gsb\/44-2","title":{"rendered":"Liturgie de St. Bernard"},"content":{"rendered":"\n<p><strong>F\u00eate de Saint Bernard, le 15 juin<br>Messe en l\u2019honneur de Saint Bernard de Mont-Joux, archidiacre<\/strong><\/p>\n\n\n\n<p><strong>Antienne d\u2019ouverture<\/strong> &nbsp;Mt 25, 34.36.40<\/p>\n\n\n\n<p>A ceux\nqui l\u2019ont servi dans leurs fr\u00e8res, le Seigneur dit: &nbsp;\u00ab&nbsp;Venez, les b\u00e9nis de mon P\u00e8re. J\u2019\u00e9tais\nmalade et vous m\u2019avez visit\u00e9\u2026vraiment, je vous le dis, chaque fois que vous\nl\u2019avez fait \u00e0 l\u2019un de ces petits qui sont mes fr\u00e8res, c\u2019est \u00e0 moi que vous\nl\u2019avez fait. \u00bb<\/p>\n\n\n\n<p><strong>Oraison<\/strong><\/p>\n\n\n\n<p>Prot\u00e8ge-nous,\nSeigneur, \u00e0 la pri\u00e8re de saint Bernard que tu as donn\u00e9 comme protecteur aux\nhabitants et aux voyageurs des alpes; et tandis que nous nous effor\u00e7ons de\nmarcher sur ses traces ici-bas, accorde-nous de parvenir \u00e0 la montagne\nv\u00e9ritable qui est le Christ, notre Seigneur. Lui qui r\u00e8gne avec toi et le\nSaint-Esprit, maintenant et pour les si\u00e8cles des si\u00e8cles. Amen.<\/p>\n\n\n\n<p><strong>Premi\u00e8re Lecture<\/strong><\/p>\n<p><strong>Lecture du premier livre des Rois\u00a0 \u00a019,4-8<\/strong><\/p>\n<p>Le proph\u00e8te Elie, fuyant l&rsquo;hostilit\u00e9 de la reine J\u00e9zabel, marcha toute une journ\u00e9e dans le d\u00e9sert. Il vint s\u2019asseoir \u00e0 l\u2019ombre d\u2019un buisson, et demanda la mort en disant : \u00ab Maintenant, Seigneur, c\u2019en est trop ! Reprends ma vie : je ne vaux pas mieux que mes p\u00e8res. \u00bb Puis il s\u2019\u00e9tendit sous le buisson, et s\u2019endormit.<\/p>\n<p>Mais voici qu\u2019un ange le toucha et lui dit : \u00ab L\u00e8ve-toi, et mange ! \u00bb Il regarda, et il y avait pr\u00e8s de sa t\u00eate une galette cuite sur des pierres br\u00fblantes et une cruche d\u2019eau. Il mangea, il but, et se rendormit.<\/p>\n<p>Une seconde fois, l\u2019ange du Seigneur le toucha et lui dit : \u00ab L\u00e8ve-toi, et mange, car il est long, le chemin qui te reste. \u00bb<\/p>\n<p>\u00c9lie se leva, mangea et but. Puis, fortifi\u00e9 par cette nourriture, il marcha quarante jours et quarante nuits jusqu\u2019\u00e0 l\u2019Horeb, la montagne de Dieu.<\/p>\n\n\n\n<p><strong>Psaume 111(112)<\/strong> 1a.4.5a.6.7.8a.9<br><strong> R\/<\/strong> Dans la nuit de ce monde, le juste brillera.<br> &#8211; Heureux qui craint le Seigneur! Lumi\u00e8re des coeurs droits, il s\u2019est lev\u00e9 dans les t\u00e9n\u00e8bres, homme de justice, de tendresse et de piti\u00e9.<br> &#8211; L\u2019homme de bien a piti\u00e9, il partage; cet homme jamais ne tombera; toujours on fera m\u00e9moire du juste.<br> &#8211; Il ne craint pas l\u2019annonce d\u2019un malheur: le coeur ferme, il s\u2019appuie sur le Seigneur. Son coeur est confiant, il ne craint pas.<br> &#8211; A pleines mains, il donne au pauvre; \u00e0 jamais se maintiendra sa justice, sa puissance grandira, et sa gloire!<\/p>\n\n\n\n<p><strong>Deuxi\u00e8me Lecture<\/strong><\/p>\n\n\n\n<p><strong>Lecture de la lettre de Saint Paul ap\u00f4tre aux Romains<\/strong>.<br> Fr\u00e8res, selon la gr\u00e2ce que Dieu nous a donn\u00e9e, nous avons re\u00e7u des dons qui sont diff\u00e9rents. Si c\u2019est le don de proph\u00e9tie, il faut se r\u00e9gler sur la foi ; si c\u2019est le don de servir, il faut servir ; si l\u2019on est fait pour enseigner, que l\u2019on enseigne; pour encourager, que l\u2019on encourage. Celui qui donne, qu\u2019il soit simple ; celui qui dirige, qu\u2019il soit actif ; celui qui se d\u00e9voue aux malheureux, qu\u2019il ait le sourire.<br> Que votre amour soit sans hypocrisie. Fuyez le mal avec horreur, attachez-vous au bien. Soyez unis les uns aux autres par l\u2019affection fraternelle, rivalisez de respect les uns pour les autres. Ne brisez pas l\u2019\u00e9lan de votre g\u00e9n\u00e9rosit\u00e9, mais laissez jaillir l\u2019esprit ; soyez les serviteurs du Seigneur. Aux jours d\u2019esp\u00e9rance, soyez dans la joie ; aux jours d\u2019\u00e9preuve, tenez bon ; priez avec pers\u00e9v\u00e9rance. Partagez avec les fid\u00e8les qui sont dans le besoin, et que votre maison soit toujours accueillante.<\/p>\n\n\n\n<p><strong>Evangile<br> Acclamation<\/strong><br> Alleluia. alleluia. \u00ab Je vous donne un commandement nouveau: comme je vous ai aim\u00e9s, aimez-vous les uns les autres \u00bb, dit le Seigneur. Alleluia.<\/p>\n\n\n\n<p><strong>Evangile de J\u00e9sus Christ selon saint Mathieu<\/strong> 25,31-40<br> J\u00e9sus parlait \u00e0 ses disciples de sa venue:<\/p>\n\n\n\n<p> \u00ab Quand le Fils de l\u2019homme viendra dans sa gloire, et tous les anges avec lui, alors il si\u00e9gera sur son tr\u00f4ne de gloire. Toutes les nations seront rassembl\u00e9es devant lui ; il s\u00e9parera les hommes les uns des autres, comme le berger s\u00e9pare les brebis des boucs : il placera les brebis \u00e0 sa droite, et les boucs \u00e0 gauche. <\/p>\n\n\n\n<p>Alors le Roi dira \u00e0 ceux qui seront \u00e0 sa droite :\n\u201cVenez, les b\u00e9nis de mon P\u00e8re, recevez en h\u00e9ritage le Royaume pr\u00e9par\u00e9 pour vous\ndepuis la fondation du monde. Car j\u2019avais faim, et vous m\u2019avez donn\u00e9 \u00e0 manger ;\nj\u2019avais soif, et vous m\u2019avez donn\u00e9 \u00e0 boire ; j\u2019\u00e9tais un \u00e9tranger, et vous\nm\u2019avez accueilli ; j\u2019\u00e9tais nu, et vous m\u2019avez habill\u00e9 ; j\u2019\u00e9tais malade, et vous\nm\u2019avez visit\u00e9 ; j\u2019\u00e9tais en prison, et vous \u00eates venus jusqu\u2019\u00e0 moi !\u201d <\/p>\n\n\n\n<p>Alors les justes lui r\u00e9pondront : \u201cSeigneur, quand\nest-ce que nous t\u2019avons vu\u2026 ? tu avais donc faim, et nous t\u2019avons nourri ? tu\navais soif, et nous t\u2019avons donn\u00e9 \u00e0 boire ?tu \u00e9tais un \u00e9tranger, et nous\nt\u2019avons accueilli ? tu \u00e9tais nu, et nous t\u2019avons habill\u00e9 ? tu \u00e9tais malade ou\nen prison\u2026 Quand sommes-nous venus jusqu\u2019\u00e0 toi ?\u201d <\/p>\n\n\n\n<p>Et le Roi leur r\u00e9pondra : \u201cAmen, je vous le dis :\nchaque fois que vous l\u2019avez fait \u00e0 l\u2019un de ces plus petits de mes fr\u00e8res, c\u2019est\n\u00e0 moi que vous l\u2019avez fait.\u201d<\/p>\n\n\n\n<p>Alors il dira \u00e0 ceux qui seront \u00e0 sa gauche :\n\u201cAllez-vous-en loin de moi, vous les maudits, dans le feu \u00e9ternel pr\u00e9par\u00e9 pour\nle diable et ses anges. Car j\u2019avais faim, et vous ne m\u2019avez pas donn\u00e9 \u00e0 manger\n; j\u2019avais soif, et vous ne m\u2019avez pas donn\u00e9 \u00e0 boire ; j\u2019\u00e9tais un \u00e9tranger, et\nvous ne m\u2019avez pas accueilli ; j\u2019\u00e9tais nu, et vous ne m\u2019avez pas habill\u00e9 ;\nj\u2019\u00e9tais malade et en prison, et vous ne m\u2019avez pas visit\u00e9.\u201d <\/p>\n\n\n\n<p>Alors ils r\u00e9pondront, eux aussi : \u201cSeigneur, quand\nt\u2019avons-nous vu avoir faim, avoir soif, \u00eatre nu, \u00e9tranger, malade ou en prison,\nsans nous mettre \u00e0 ton service ?\u201d Il leur r\u00e9pondra : \u201cAmen, je vous le dis :\nchaque fois que vous ne l\u2019avez pas fait \u00e0 l\u2019un de ces plus petits, c\u2019est \u00e0 moi\nque vous ne l\u2019avez pas fait.\u201d Et ils s\u2019en iront, ceux-ci au ch\u00e2timent \u00e9ternel,\net les justes, \u00e0 la vie \u00e9ternelle. \u00bb<\/p>\n\n\n\n<p><strong>Pri\u00e8re sur les offrandes<\/strong><\/p>\n\n\n\n<p>Accueille,\nSeigneur, les pr\u00e9sents de ton peuple; et tandis que nous rappelons l\u2019amour\ninfini de ton Fils, fais que nous sachions, \u00e0 l\u2019exemple des saints, t\u2019aimer et\naimer notre prochain d\u2019un coeur plus g\u00e9n\u00e9reux.<br>\nPar J\u00e9sus, le Christ, notre Seigneur.<\/p>\n\n\n\n<p><strong>Pr\u00e9face des Saints<\/strong> (nn. 68 ou 69)<\/p>\n\n\n\n<p><strong>Antienne de la communion<\/strong> Jn 15,13<br> \u00ab il n\u2019y a pas de plus grand amour que de donner sa vie pour ses amis \u00bb, dit le Seigneur.<\/p>\n\n\n\n<p><strong>Pri\u00e8re apr\u00e8s la communion<\/strong><\/p>\n\n\n\n<p>Toi qui\nnous as fortifi\u00e9 par cette communion, Seigneur, aide-nous \u00e0 suivre l\u2019exemple de\nsaint Bernard, dans l\u2019amour qu\u2019il sut te t\u00e9moigner et la charit\u00e9 dont il fit\npreuve envers ton peuple. Par J\u00e9sus, le Christ, notre Seigneur.<\/p>\n\n\n\n<p><strong><em><strong><em>_____________________________________________<\/em><\/strong><\/em><\/strong><br> <strong>L\u2019 Office de St. Bernard chant\u00e9 par la Communaut\u00e9 des Chanoines<\/strong><\/p>\n","protected":false},"excerpt":{"rendered":"<p>F\u00eate de Saint Bernard, le 15 juinMesse en l\u2019honneur de Saint Bernard de Mont-Joux, archidiacre Antienne d\u2019ouverture &nbsp;Mt 25, 34.36.40 A ceux qui l\u2019ont servi dans leurs fr\u00e8res, le Seigneur dit: &nbsp;\u00ab&nbsp;Venez, les b\u00e9nis de mon P\u00e8re. J\u2019\u00e9tais malade et<\/p>\n","protected":false},"author":1,"featured_media":0,"parent":0,"menu_order":0,"comment_status":"closed","ping_status":"closed","template":"","meta":{"footnotes":""},"class_list":["post-102","page","type-page","status-publish","hentry"],"_links":{"self":[{"href":"https:\/\/gsbernard.ch\/gsb\/wp-json\/wp\/v2\/pages\/102","targetHints":{"allow":["GET"]}}],"collection":[{"href":"https:\/\/gsbernard.ch\/gsb\/wp-json\/wp\/v2\/pages"}],"about":[{"href":"https:\/\/gsbernard.ch\/gsb\/wp-json\/wp\/v2\/types\/page"}],"author":[{"embeddable":true,"href":"https:\/\/gsbernard.ch\/gsb\/wp-json\/wp\/v2\/users\/1"}],"replies":[{"embeddable":true,"href":"https:\/\/gsbernard.ch\/gsb\/wp-json\/wp\/v2\/comments?post=102"}],"version-history":[{"count":12,"href":"https:\/\/gsbernard.ch\/gsb\/wp-json\/wp\/v2\/pages\/102\/revisions"}],"predecessor-version":[{"id":3245,"href":"https:\/\/gsbernard.ch\/gsb\/wp-json\/wp\/v2\/pages\/102\/revisions\/3245"}],"wp:attachment":[{"href":"https:\/\/gsbernard.ch\/gsb\/wp-json\/wp\/v2\/media?parent=102"}],"curies":[{"name":"wp","href":"https:\/\/api.w.org\/{rel}","templated":true}]}}